{"id":2109,"date":"2023-01-24T18:07:39","date_gmt":"2023-01-24T18:07:39","guid":{"rendered":"https:\/\/shop.jogunde.eu\/%d1%81%d0%b2%d1%8f%d0%b7%d0%b0%d1%82%d1%8c%d1%81%d1%8f-%d1%81\/"},"modified":"2023-10-31T09:22:20","modified_gmt":"2023-10-31T09:22:20","slug":"%d1%81%d0%b2%d1%8f%d0%b7%d0%b0%d1%82%d1%8c%d1%81%d1%8f-%d1%81-%d0%bd%d0%b0%d0%bc%d0%b8","status":"publish","type":"page","link":"https:\/\/seatisfy.lt\/ru\/%d1%81%d0%b2%d1%8f%d0%b7%d0%b0%d1%82%d1%8c%d1%81%d1%8f-%d1%81-%d0%bd%d0%b0%d0%bc%d0%b8\/","title":{"rendered":"\u0421\u0432\u044f\u0437\u0430\u0442\u044c\u0441\u044f \u0441 \u043d\u0430\u043c\u0438"},"content":{"rendered":"<p>\u0412\u044b \u043c\u043e\u0436\u0435\u0442\u0435 \u043d\u0430\u0439\u0442\u0438 \u043d\u0430\u0441 \u043d\u0430:<br \/>\n\u0421\u0430\u0439\u0442 KUB&#8217;O<br \/>\n\u041a\u043b\u0430\u0439\u043f\u0435\u0434\u0441\u043a\u0438\u0439 \u0443\u043d\u0438\u0432\u0435\u0440\u0441\u0438\u0442\u0435\u0442<br \/>\nHerkaus Mantas g. 84. (\u0417\u0434\u0430\u043d\u0438\u0435 \u0441 \u0447\u0430\u0441\u0430\u043c\u0438)<\/p>\n<p>\u0414\u0440\u0443\u0433\u0438\u0435 \u043d\u0430\u0448\u0438 \u043f\u043e\u0434\u0440\u0430\u0437\u0434\u0435\u043b\u0435\u043d\u0438\u044f:<br \/>\n\u0411\u0438\u0441\u0442\u0440\u043e &#171;\u041a\u0430\u0432\u0443\u043a\u0435<br \/>\n\u041a\u043b\u0430\u0439\u043f\u0435\u0434\u0441\u043a\u0438\u0439 \u0433\u043e\u0441\u0443\u0434\u0430\u0440\u0441\u0442\u0432\u0435\u043d\u043d\u044b\u0439 \u043a\u043e\u043b\u043b\u0435\u0434\u0436<br \/>\nJaunyst\u0117s g. 1<\/p>\n<p>\u041a\u0430\u0444\u0435 CSP<br \/>\n\u041a\u043b\u0430\u0439\u043f\u0435\u0434\u0441\u043a\u0438\u0439 \u043d\u0430\u0443\u0447\u043d\u043e-\u0442\u0435\u0445\u043d\u0438\u0447\u0435\u0441\u043a\u0438\u0439 \u043f\u0430\u0440\u043a<br \/>\n\u0412\u0438\u043b\u044c\u0433\u0435\u043b\u044c\u043c\u043e \u0411\u0435\u0440\u0431\u043e\u043c\u043e \u0443\u043b. 10<\/p>\n<p>\u041a\u043e\u043c\u043f\u043b\u0435\u043a\u0441 \u0431\u0430\u0440\u043e\u0432 \u0438 \u043a\u0430\u0444\u0435 \u0432 \u0434\u0435\u043b\u044c\u0444\u0438\u043d\u0430\u0440\u0438\u0438<br \/>\n\u0443\u043b. \u0421\u043c\u0438\u043b\u0442\u0438\u043d\u0435\u0441, 4<\/p>\n\n<div class=\"wpcf7 no-js\" id=\"wpcf7-f1215-o1\" lang=\"ru-RU\" dir=\"ltr\" data-wpcf7-id=\"1215\">\n<div class=\"screen-reader-response\"><p role=\"status\" aria-live=\"polite\" aria-atomic=\"true\"><\/p> <ul><\/ul><\/div>\n<form action=\"\/ru\/wp-json\/wp\/v2\/pages\/2109#wpcf7-f1215-o1\" method=\"post\" class=\"wpcf7-form init\" aria-label=\"\u041a\u043e\u043d\u0442\u0430\u043a\u0442\u043d\u0430\u044f \u0444\u043e\u0440\u043c\u0430\" novalidate=\"novalidate\" data-status=\"init\">\n<fieldset class=\"hidden-fields-container\"><input type=\"hidden\" name=\"_wpcf7\" value=\"1215\" \/><input type=\"hidden\" name=\"_wpcf7_version\" value=\"6.1.3\" \/><input type=\"hidden\" name=\"_wpcf7_locale\" value=\"ru_RU\" \/><input type=\"hidden\" name=\"_wpcf7_unit_tag\" value=\"wpcf7-f1215-o1\" \/><input type=\"hidden\" name=\"_wpcf7_container_post\" value=\"0\" \/><input type=\"hidden\" name=\"_wpcf7_posted_data_hash\" value=\"\" \/><input type=\"hidden\" name=\"_wpcf7_recaptcha_response\" value=\"\" \/>\n<\/fieldset>\n<!-- Include the required scripts and styles -->\n<p><link rel=\"stylesheet\" href=\"\/\/cdnjs.cloudflare.com\/ajax\/libs\/intl-tel-input\/17.0.8\/css\/intlTelInput.css\" \/><br \/>\n<script src=\"\/\/cdnjs.cloudflare.com\/ajax\/libs\/intl-tel-input\/17.0.8\/js\/intlTelInput.js\"><\/script>\n<\/p>\n<div class=\"mt-10 grid grid-cols-2 gap-5 contacts-form\">\n\t<div class=\"w-full shrink-0 flex-1\">\n\t\t<p><label class=\"block text-1xl\"><br \/>\n\u0412\u0430\u0448\u0435 \u0438\u043c\u044f*<br \/>\n<\/label>\n\t\t<\/p>\n\t\t<div class=\"relative\">\n\t\t\t<p><span class=\"wpcf7-form-control-wrap\" data-name=\"test-name\"><input size=\"40\" maxlength=\"400\" class=\"wpcf7-form-control wpcf7-text wpcf7-validates-as-required block w-full text-base leading-6 px-4 h-12 border border-b1b1b1 mt-1 focusbg-white\" aria-required=\"true\" aria-invalid=\"false\" value=\"\" type=\"text\" name=\"test-name\" \/><\/span>\n\t\t\t<\/p>\n\t\t<\/div>\n\t<\/div>\n\t<div class=\"w-full shrink-0 flex-1\">\n\t\t<p><label class=\"block text-1xl\"><br \/>\n\u041d\u0430\u0437\u0432\u0430\u043d\u0438\u0435 \u043a\u043e\u043c\u043f\u0430\u043d\u0438\u0438<br \/>\n<\/label>\n\t\t<\/p>\n\t\t<div class=\"relative\">\n\t\t\t<p><span class=\"wpcf7-form-control-wrap\" data-name=\"test-company\"><input size=\"40\" maxlength=\"400\" class=\"wpcf7-form-control wpcf7-text block w-full text-base px-4 h-12 border border-b1b1b1 mt-1 focusbg-white\" aria-invalid=\"false\" value=\"\" type=\"text\" name=\"test-company\" \/><\/span>\n\t\t\t<\/p>\n\t\t<\/div>\n\t<\/div>\n\t<div class=\"w-full shrink-0 flex-1\">\n\t\t<p><label class=\"block leading-5 text-1xl\"><br \/>\nEmail \u0430\u0434\u0440\u0435\u0441*<br \/>\n<\/label>\n\t\t<\/p>\n\t\t<div class=\"relative\">\n\t\t\t<p><span class=\"wpcf7-form-control-wrap\" data-name=\"email-email\"><input size=\"40\" maxlength=\"400\" class=\"wpcf7-form-control wpcf7-email wpcf7-validates-as-required wpcf7-text wpcf7-validates-as-email block w-full text-base px-4 h-12 border border-b1b1b1 mt-1 focusbg-white\" aria-required=\"true\" aria-invalid=\"false\" value=\"\" type=\"email\" name=\"email-email\" \/><\/span>\n\t\t\t<\/p>\n\t\t<\/div>\n\t<\/div>\n\t<div class=\"w-full shrink-0 flex-1\">\n\t\t<p><label class=\"block text-1xl\"><br \/>\n\u041d\u043e\u043c\u0435\u0440 \u0442\u0435\u043b\u0435\u0444\u043e\u043d\u0430.<br \/>\n<\/label>\n\t\t<\/p>\n\t\t<div class=\"relative\">\n\t\t\t<p><span class=\"wpcf7-form-control-wrap\" data-name=\"phone-number\"><input size=\"40\" maxlength=\"400\" class=\"wpcf7-form-control wpcf7-tel wpcf7-validates-as-required wpcf7-text wpcf7-validates-as-tel tel block w-full text-base px-4 h-12 border border-b1b1b1 mt-1 focusbg-white\" aria-required=\"true\" aria-invalid=\"false\" value=\"\" type=\"tel\" name=\"phone-number\" \/><\/span>\n\t\t\t<\/p>\n\t\t<\/div>\n\t<\/div>\n\t<div class=\"w-full col-span-2\">\n\t\t<div class=\"w-full shrink-0 flex-1\">\n\t\t\t<p><label class=\"block lg:text-1xl\"><br \/>\n\u0412\u0430\u0448\u0435 \u0441\u043e\u043e\u0431\u0449\u0435\u043d\u0438\u0435 \/ \u043a\u043e\u043c\u043c\u0435\u043d\u0442\u0430\u0440\u0438\u0438*<br \/>\n<span class=\"wpcf7-form-control-wrap\" data-name=\"textarea-message\"><textarea cols=\"40\" rows=\"4\" maxlength=\"2000\" class=\"wpcf7-form-control wpcf7-textarea wpcf7-validates-as-required block w-full px-4 border border-b1b1b1 rounded-md\" aria-required=\"true\" aria-invalid=\"false\" name=\"textarea-message\"><\/textarea><\/span><br \/>\n<\/label>\n\t\t\t<\/p>\n\t\t<\/div>\n\t<\/div>\n\t<div class=\"col-span-2\">\n\t\t<div class=\"flex items-center gap-3 se-switch\">\n\t\t\t<p><label class=\"switch\" id=\"acceptance-terms\" data-toggle=\"0\"><br \/>\n<span class=\"wpcf7-form-control-wrap\" data-name=\"acceptance-terms\"><span class=\"wpcf7-form-control wpcf7-acceptance optional\"><span class=\"wpcf7-list-item\"><input type=\"checkbox\" name=\"acceptance-terms\" value=\"1\" id=\"switch-input\" aria-invalid=\"false\" \/><\/span><\/span><\/span> <span class=\"slider switch-slide round\"><\/span><\/label>\n\t\t\t<\/p>\n\t\t\t<div class=\"lg:text-1xl\">\n\t\t\t\t<p>\u0412\u044b\u0431\u0440\u0430\u0432 \u044d\u0442\u043e, \u0432\u044b \u0441\u043e\u0433\u043b\u0430\u0448\u0430\u0435\u0442\u0435\u0441\u044c \u0441 <a class=\"text-[#CA8A2A]\" href=\"https:\/\/seatisfy.lt\/ru\/%d0%bf%d0%be%d0%bb%d0%b8%d1%82%d0%b8%d0%ba%d0%b0-%d0%ba%d0%be%d0%bd%d1%84%d0%b8%d0%b4%d0%b5%d0%bd%d1%86%d0%b8%d0%b0%d0%bb%d1%8c%d0%bd%d0%be%d1%81%d1%82%d0%b8\/\">\u041f\u043e\u043b\u0438\u0442\u0438\u043a\u043e\u0439 \u043a\u043e\u043d\u0444\u0438\u0434\u0435\u043d\u0446\u0438\u0430\u043b\u044c\u043d\u043e\u0441\u0442\u0438<\/a> \u0438 <a class=\"text-[#CA8A2A]\" href=\"https:\/\/seatisfy.lt\/ru\/%d1%83%d1%81%d0%bb%d0%be%d0%b2%d0%b8%d1%8f-%d0%b8%d1%81%d0%bf%d0%be%d0%bb%d1%8c%d0%b7%d0%be%d0%b2%d0%b0%d0%bd%d0%b8%d1%8f\/\"> \u0423\u0441\u043b\u043e\u0432\u0438\u044f\u043c\u0438 \u0438\u0441\u043f\u043e\u043b\u044c\u0437\u043e\u0432\u0430\u043d\u0438\u044f<\/a>.\n\t\t\t\t<\/p>\n\t\t\t<\/div>\n\t\t<\/div>\n\t<\/div>\n\t<div class=\"col-span-2 flex contact-form-submit text-blue\">\n\t\t<p><button type=\"submit\" id=\"submit-contact\" class=\"button bg-[#324A24]\" disabled><br \/>\n\u041e\u0442\u043f\u0440\u0430\u0432\u0438\u0442\u044c \u0437\u0430\u043f\u0440\u043e\u0441<br \/>\n<svg width=\"34\" height=\"20\" viewbox=\"0 0 34 20\" fill=\"none\" xmlns=\"http:\/\/www.w3.org\/2000\/svg\">\n<path fill=\"white\" d=\"M32.8839 10.8839C33.372 10.3957 33.372 9.60427 32.8839 9.11612L24.9289 1.16117C24.4408 0.673012 23.6493 0.673012 23.1612 1.16117C22.673 1.64932 22.673 2.44078 23.1612 2.92893L30.2322 10L23.1612 17.0711C22.673 17.5592 22.673 18.3507 23.1612 18.8388C23.6493 19.327 24.4408 19.327 24.9289 18.8388L32.8839 10.8839ZM-1.09278e-07 11.25L32 11.25L32 8.75L1.09278e-07 8.75L-1.09278e-07 11.25Z\"\/>\n<\/svg><br \/>\n<\/button>\n\t\t<\/p>\n\t<\/div>\n<\/div>\n\n<!-- Initialize the plugin -->\n<p><script>\n var input = document.querySelector(\".tel\");\n var iti = window.intlTelInput(input, {\n initialCountry: \"auto\",\n preferredCountries: [\"us\", \"gb\", \"ca\"],\n separateDialCode: true\n });\n\n \/\/ Modify the form field value on form submission\n document.addEventListener('wpcf7:submit', function(event) {\n var countryData = iti.getSelectedCountryData();\n var phoneCode = '+' + countryData.dialCode;\n var inputField = document.querySelector('.tel input');\n inputField.value = phoneCode + inputField.value;\n }, false);\n\n \/\/ Modify the form field value on form validation error\n document.addEventListener('wpcf7:invalid', function(event) {\n var countryData = iti.getSelectedCountryData();\n var phoneCode = '+' + countryData.dialCode;\n var inputField = document.querySelector('.tel input');\n inputField.value = phoneCode + inputField.value;\n }, false);\n<\/script>\n<\/p><div class=\"wpcf7-response-output\" aria-hidden=\"true\"><\/div>\n<\/form>\n<\/div>\n\n","protected":false},"excerpt":{"rendered":"<p>\u0412\u044b \u043c\u043e\u0436\u0435\u0442\u0435 \u043d\u0430\u0439\u0442\u0438 \u043d\u0430\u0441 \u043d\u0430: \u0421\u0430\u0439\u0442 KUB&#8217;O \u041a\u043b\u0430\u0439\u043f\u0435\u0434\u0441\u043a\u0438\u0439 \u0443\u043d\u0438\u0432\u0435\u0440\u0441\u0438\u0442\u0435\u0442 Herkaus Mantas g. 84. (\u0417\u0434\u0430\u043d\u0438\u0435 \u0441 \u0447\u0430\u0441\u0430\u043c\u0438) \u0414\u0440\u0443\u0433\u0438\u0435 \u043d\u0430\u0448\u0438 \u043f\u043e\u0434\u0440\u0430\u0437\u0434\u0435\u043b\u0435\u043d\u0438\u044f: \u0411\u0438\u0441\u0442\u0440\u043e &#171;\u041a\u0430\u0432\u0443\u043a\u0435 \u041a\u043b\u0430\u0439\u043f\u0435\u0434\u0441\u043a\u0438\u0439 \u0433\u043e\u0441\u0443\u0434\u0430\u0440\u0441\u0442\u0432\u0435\u043d\u043d\u044b\u0439 \u043a\u043e\u043b\u043b\u0435\u0434\u0436 Jaunyst\u0117s g. 1 \u041a\u0430\u0444\u0435 CSP \u041a\u043b\u0430\u0439\u043f\u0435\u0434\u0441\u043a\u0438\u0439 \u043d\u0430\u0443\u0447\u043d\u043e-\u0442\u0435\u0445\u043d\u0438\u0447\u0435\u0441\u043a\u0438\u0439 \u043f\u0430\u0440\u043a \u0412\u0438\u043b\u044c\u0433\u0435\u043b\u044c\u043c\u043e \u0411\u0435\u0440\u0431\u043e\u043c\u043e \u0443\u043b. 10 \u041a\u043e\u043c\u043f\u043b\u0435\u043a\u0441 \u0431\u0430\u0440\u043e\u0432 \u0438 \u043a\u0430\u0444\u0435 \u0432 \u0434\u0435\u043b\u044c\u0444\u0438\u043d\u0430\u0440\u0438\u0438 \u0443\u043b. \u0421\u043c\u0438\u043b\u0442\u0438\u043d\u0435\u0441, 4<\/p>\n","protected":false},"author":1,"featured_media":0,"parent":0,"menu_order":0,"comment_status":"closed","ping_status":"closed","template":"templates\/template-contacts.php","meta":{"_acf_changed":false,"inline_featured_image":false,"footnotes":""},"class_list":["post-2109","page","type-page","status-publish","hentry"],"acf":[],"yoast_head":"<!-- This site is optimized with the Yoast SEO plugin v26.4 - https:\/\/yoast.com\/wordpress\/plugins\/seo\/ -->\n<title>\u0421\u0432\u044f\u0437\u0430\u0442\u044c\u0441\u044f \u0441 \u043d\u0430\u043c\u0438 - seatisfy<\/title>\n<meta name=\"robots\" content=\"index, follow, max-snippet:-1, max-image-preview:large, max-video-preview:-1\" \/>\n<link rel=\"canonical\" href=\"https:\/\/seatisfy.lt\/ru\/\u0441\u0432\u044f\u0437\u0430\u0442\u044c\u0441\u044f-\u0441-\u043d\u0430\u043c\u0438\/\" \/>\n<meta property=\"og:locale\" content=\"ru_RU\" \/>\n<meta property=\"og:type\" content=\"article\" \/>\n<meta property=\"og:title\" content=\"\u0421\u0432\u044f\u0437\u0430\u0442\u044c\u0441\u044f \u0441 \u043d\u0430\u043c\u0438 - seatisfy\" \/>\n<meta property=\"og:description\" content=\"\u0412\u044b \u043c\u043e\u0436\u0435\u0442\u0435 \u043d\u0430\u0439\u0442\u0438 \u043d\u0430\u0441 \u043d\u0430: \u0421\u0430\u0439\u0442 KUB&#8217;O \u041a\u043b\u0430\u0439\u043f\u0435\u0434\u0441\u043a\u0438\u0439 \u0443\u043d\u0438\u0432\u0435\u0440\u0441\u0438\u0442\u0435\u0442 Herkaus Mantas g. 84. (\u0417\u0434\u0430\u043d\u0438\u0435 \u0441 \u0447\u0430\u0441\u0430\u043c\u0438) \u0414\u0440\u0443\u0433\u0438\u0435 \u043d\u0430\u0448\u0438 \u043f\u043e\u0434\u0440\u0430\u0437\u0434\u0435\u043b\u0435\u043d\u0438\u044f: \u0411\u0438\u0441\u0442\u0440\u043e &#171;\u041a\u0430\u0432\u0443\u043a\u0435 \u041a\u043b\u0430\u0439\u043f\u0435\u0434\u0441\u043a\u0438\u0439 \u0433\u043e\u0441\u0443\u0434\u0430\u0440\u0441\u0442\u0432\u0435\u043d\u043d\u044b\u0439 \u043a\u043e\u043b\u043b\u0435\u0434\u0436 Jaunyst\u0117s g. 1 \u041a\u0430\u0444\u0435 CSP \u041a\u043b\u0430\u0439\u043f\u0435\u0434\u0441\u043a\u0438\u0439 \u043d\u0430\u0443\u0447\u043d\u043e-\u0442\u0435\u0445\u043d\u0438\u0447\u0435\u0441\u043a\u0438\u0439 \u043f\u0430\u0440\u043a \u0412\u0438\u043b\u044c\u0433\u0435\u043b\u044c\u043c\u043e \u0411\u0435\u0440\u0431\u043e\u043c\u043e \u0443\u043b. 10 \u041a\u043e\u043c\u043f\u043b\u0435\u043a\u0441 \u0431\u0430\u0440\u043e\u0432 \u0438 \u043a\u0430\u0444\u0435 \u0432 \u0434\u0435\u043b\u044c\u0444\u0438\u043d\u0430\u0440\u0438\u0438 \u0443\u043b. \u0421\u043c\u0438\u043b\u0442\u0438\u043d\u0435\u0441, 4\" \/>\n<meta property=\"og:url\" content=\"https:\/\/seatisfy.lt\/ru\/\u0441\u0432\u044f\u0437\u0430\u0442\u044c\u0441\u044f-\u0441-\u043d\u0430\u043c\u0438\/\" \/>\n<meta property=\"og:site_name\" content=\"seatisfy\" \/>\n<meta property=\"article:publisher\" content=\"https:\/\/www.facebook.com\/seatisfy.lt\" \/>\n<meta property=\"article:modified_time\" content=\"2023-10-31T09:22:20+00:00\" \/>\n<meta property=\"og:image\" content=\"https:\/\/seatisfy.lt\/wp-content\/uploads\/2024\/05\/seatisfy.jpeg\" \/>\n\t<meta property=\"og:image:width\" content=\"1920\" \/>\n\t<meta property=\"og:image:height\" content=\"844\" \/>\n\t<meta property=\"og:image:type\" content=\"image\/jpeg\" \/>\n<meta name=\"twitter:card\" content=\"summary_large_image\" \/>\n<script type=\"application\/ld+json\" class=\"yoast-schema-graph\">{\"@context\":\"https:\/\/schema.org\",\"@graph\":[{\"@type\":\"WebPage\",\"@id\":\"https:\/\/seatisfy.lt\/ru\/%d1%81%d0%b2%d1%8f%d0%b7%d0%b0%d1%82%d1%8c%d1%81%d1%8f-%d1%81-%d0%bd%d0%b0%d0%bc%d0%b8\/\",\"url\":\"https:\/\/seatisfy.lt\/ru\/%d1%81%d0%b2%d1%8f%d0%b7%d0%b0%d1%82%d1%8c%d1%81%d1%8f-%d1%81-%d0%bd%d0%b0%d0%bc%d0%b8\/\",\"name\":\"\u0421\u0432\u044f\u0437\u0430\u0442\u044c\u0441\u044f \u0441 \u043d\u0430\u043c\u0438 - seatisfy\",\"isPartOf\":{\"@id\":\"https:\/\/seatisfy.lt\/#website\"},\"datePublished\":\"2023-01-24T18:07:39+00:00\",\"dateModified\":\"2023-10-31T09:22:20+00:00\",\"breadcrumb\":{\"@id\":\"https:\/\/seatisfy.lt\/ru\/%d1%81%d0%b2%d1%8f%d0%b7%d0%b0%d1%82%d1%8c%d1%81%d1%8f-%d1%81-%d0%bd%d0%b0%d0%bc%d0%b8\/#breadcrumb\"},\"inLanguage\":\"ru-RU\",\"potentialAction\":[{\"@type\":\"ReadAction\",\"target\":[\"https:\/\/seatisfy.lt\/ru\/%d1%81%d0%b2%d1%8f%d0%b7%d0%b0%d1%82%d1%8c%d1%81%d1%8f-%d1%81-%d0%bd%d0%b0%d0%bc%d0%b8\/\"]}]},{\"@type\":\"BreadcrumbList\",\"@id\":\"https:\/\/seatisfy.lt\/ru\/%d1%81%d0%b2%d1%8f%d0%b7%d0%b0%d1%82%d1%8c%d1%81%d1%8f-%d1%81-%d0%bd%d0%b0%d0%bc%d0%b8\/#breadcrumb\",\"itemListElement\":[{\"@type\":\"ListItem\",\"position\":1,\"name\":\"Home\",\"item\":\"https:\/\/seatisfy.lt\/ru\/%d0%b3%d0%bb%d0%b0%d0%b2%d0%bd%d0%b0%d1%8f\/\"},{\"@type\":\"ListItem\",\"position\":2,\"name\":\"\u0421\u0432\u044f\u0437\u0430\u0442\u044c\u0441\u044f \u0441 \u043d\u0430\u043c\u0438\"}]},{\"@type\":\"WebSite\",\"@id\":\"https:\/\/seatisfy.lt\/#website\",\"url\":\"https:\/\/seatisfy.lt\/\",\"name\":\"seatisfy\",\"description\":\"Dienos piet\u0173 pristatymas \u012f biurus Klaip\u0117doje\",\"publisher\":{\"@id\":\"https:\/\/seatisfy.lt\/#organization\"},\"potentialAction\":[{\"@type\":\"SearchAction\",\"target\":{\"@type\":\"EntryPoint\",\"urlTemplate\":\"https:\/\/seatisfy.lt\/?s={search_term_string}\"},\"query-input\":{\"@type\":\"PropertyValueSpecification\",\"valueRequired\":true,\"valueName\":\"search_term_string\"}}],\"inLanguage\":\"ru-RU\"},{\"@type\":\"Organization\",\"@id\":\"https:\/\/seatisfy.lt\/#organization\",\"name\":\"seatisfy\",\"url\":\"https:\/\/seatisfy.lt\/\",\"logo\":{\"@type\":\"ImageObject\",\"inLanguage\":\"ru-RU\",\"@id\":\"https:\/\/seatisfy.lt\/#\/schema\/logo\/image\/\",\"url\":\"https:\/\/seatisfy.lt\/wp-content\/uploads\/2023\/06\/2.png\",\"contentUrl\":\"https:\/\/seatisfy.lt\/wp-content\/uploads\/2023\/06\/2.png\",\"width\":500,\"height\":500,\"caption\":\"seatisfy\"},\"image\":{\"@id\":\"https:\/\/seatisfy.lt\/#\/schema\/logo\/image\/\"},\"sameAs\":[\"https:\/\/www.facebook.com\/seatisfy.lt\"]}]}<\/script>\n<!-- \/ Yoast SEO plugin. -->","yoast_head_json":{"title":"\u0421\u0432\u044f\u0437\u0430\u0442\u044c\u0441\u044f \u0441 \u043d\u0430\u043c\u0438 - seatisfy","robots":{"index":"index","follow":"follow","max-snippet":"max-snippet:-1","max-image-preview":"max-image-preview:large","max-video-preview":"max-video-preview:-1"},"canonical":"https:\/\/seatisfy.lt\/ru\/\u0441\u0432\u044f\u0437\u0430\u0442\u044c\u0441\u044f-\u0441-\u043d\u0430\u043c\u0438\/","og_locale":"ru_RU","og_type":"article","og_title":"\u0421\u0432\u044f\u0437\u0430\u0442\u044c\u0441\u044f \u0441 \u043d\u0430\u043c\u0438 - seatisfy","og_description":"\u0412\u044b \u043c\u043e\u0436\u0435\u0442\u0435 \u043d\u0430\u0439\u0442\u0438 \u043d\u0430\u0441 \u043d\u0430: \u0421\u0430\u0439\u0442 KUB&#8217;O \u041a\u043b\u0430\u0439\u043f\u0435\u0434\u0441\u043a\u0438\u0439 \u0443\u043d\u0438\u0432\u0435\u0440\u0441\u0438\u0442\u0435\u0442 Herkaus Mantas g. 84. (\u0417\u0434\u0430\u043d\u0438\u0435 \u0441 \u0447\u0430\u0441\u0430\u043c\u0438) \u0414\u0440\u0443\u0433\u0438\u0435 \u043d\u0430\u0448\u0438 \u043f\u043e\u0434\u0440\u0430\u0437\u0434\u0435\u043b\u0435\u043d\u0438\u044f: \u0411\u0438\u0441\u0442\u0440\u043e &#171;\u041a\u0430\u0432\u0443\u043a\u0435 \u041a\u043b\u0430\u0439\u043f\u0435\u0434\u0441\u043a\u0438\u0439 \u0433\u043e\u0441\u0443\u0434\u0430\u0440\u0441\u0442\u0432\u0435\u043d\u043d\u044b\u0439 \u043a\u043e\u043b\u043b\u0435\u0434\u0436 Jaunyst\u0117s g. 1 \u041a\u0430\u0444\u0435 CSP \u041a\u043b\u0430\u0439\u043f\u0435\u0434\u0441\u043a\u0438\u0439 \u043d\u0430\u0443\u0447\u043d\u043e-\u0442\u0435\u0445\u043d\u0438\u0447\u0435\u0441\u043a\u0438\u0439 \u043f\u0430\u0440\u043a \u0412\u0438\u043b\u044c\u0433\u0435\u043b\u044c\u043c\u043e \u0411\u0435\u0440\u0431\u043e\u043c\u043e \u0443\u043b. 10 \u041a\u043e\u043c\u043f\u043b\u0435\u043a\u0441 \u0431\u0430\u0440\u043e\u0432 \u0438 \u043a\u0430\u0444\u0435 \u0432 \u0434\u0435\u043b\u044c\u0444\u0438\u043d\u0430\u0440\u0438\u0438 \u0443\u043b. \u0421\u043c\u0438\u043b\u0442\u0438\u043d\u0435\u0441, 4","og_url":"https:\/\/seatisfy.lt\/ru\/\u0441\u0432\u044f\u0437\u0430\u0442\u044c\u0441\u044f-\u0441-\u043d\u0430\u043c\u0438\/","og_site_name":"seatisfy","article_publisher":"https:\/\/www.facebook.com\/seatisfy.lt","article_modified_time":"2023-10-31T09:22:20+00:00","og_image":[{"width":1920,"height":844,"url":"https:\/\/seatisfy.lt\/wp-content\/uploads\/2024\/05\/seatisfy.jpeg","type":"image\/jpeg"}],"twitter_card":"summary_large_image","schema":{"@context":"https:\/\/schema.org","@graph":[{"@type":"WebPage","@id":"https:\/\/seatisfy.lt\/ru\/%d1%81%d0%b2%d1%8f%d0%b7%d0%b0%d1%82%d1%8c%d1%81%d1%8f-%d1%81-%d0%bd%d0%b0%d0%bc%d0%b8\/","url":"https:\/\/seatisfy.lt\/ru\/%d1%81%d0%b2%d1%8f%d0%b7%d0%b0%d1%82%d1%8c%d1%81%d1%8f-%d1%81-%d0%bd%d0%b0%d0%bc%d0%b8\/","name":"\u0421\u0432\u044f\u0437\u0430\u0442\u044c\u0441\u044f \u0441 \u043d\u0430\u043c\u0438 - seatisfy","isPartOf":{"@id":"https:\/\/seatisfy.lt\/#website"},"datePublished":"2023-01-24T18:07:39+00:00","dateModified":"2023-10-31T09:22:20+00:00","breadcrumb":{"@id":"https:\/\/seatisfy.lt\/ru\/%d1%81%d0%b2%d1%8f%d0%b7%d0%b0%d1%82%d1%8c%d1%81%d1%8f-%d1%81-%d0%bd%d0%b0%d0%bc%d0%b8\/#breadcrumb"},"inLanguage":"ru-RU","potentialAction":[{"@type":"ReadAction","target":["https:\/\/seatisfy.lt\/ru\/%d1%81%d0%b2%d1%8f%d0%b7%d0%b0%d1%82%d1%8c%d1%81%d1%8f-%d1%81-%d0%bd%d0%b0%d0%bc%d0%b8\/"]}]},{"@type":"BreadcrumbList","@id":"https:\/\/seatisfy.lt\/ru\/%d1%81%d0%b2%d1%8f%d0%b7%d0%b0%d1%82%d1%8c%d1%81%d1%8f-%d1%81-%d0%bd%d0%b0%d0%bc%d0%b8\/#breadcrumb","itemListElement":[{"@type":"ListItem","position":1,"name":"Home","item":"https:\/\/seatisfy.lt\/ru\/%d0%b3%d0%bb%d0%b0%d0%b2%d0%bd%d0%b0%d1%8f\/"},{"@type":"ListItem","position":2,"name":"\u0421\u0432\u044f\u0437\u0430\u0442\u044c\u0441\u044f \u0441 \u043d\u0430\u043c\u0438"}]},{"@type":"WebSite","@id":"https:\/\/seatisfy.lt\/#website","url":"https:\/\/seatisfy.lt\/","name":"seatisfy","description":"Dienos piet\u0173 pristatymas \u012f biurus Klaip\u0117doje","publisher":{"@id":"https:\/\/seatisfy.lt\/#organization"},"potentialAction":[{"@type":"SearchAction","target":{"@type":"EntryPoint","urlTemplate":"https:\/\/seatisfy.lt\/?s={search_term_string}"},"query-input":{"@type":"PropertyValueSpecification","valueRequired":true,"valueName":"search_term_string"}}],"inLanguage":"ru-RU"},{"@type":"Organization","@id":"https:\/\/seatisfy.lt\/#organization","name":"seatisfy","url":"https:\/\/seatisfy.lt\/","logo":{"@type":"ImageObject","inLanguage":"ru-RU","@id":"https:\/\/seatisfy.lt\/#\/schema\/logo\/image\/","url":"https:\/\/seatisfy.lt\/wp-content\/uploads\/2023\/06\/2.png","contentUrl":"https:\/\/seatisfy.lt\/wp-content\/uploads\/2023\/06\/2.png","width":500,"height":500,"caption":"seatisfy"},"image":{"@id":"https:\/\/seatisfy.lt\/#\/schema\/logo\/image\/"},"sameAs":["https:\/\/www.facebook.com\/seatisfy.lt"]}]}},"_links":{"self":[{"href":"https:\/\/seatisfy.lt\/ru\/wp-json\/wp\/v2\/pages\/2109","targetHints":{"allow":["GET"]}}],"collection":[{"href":"https:\/\/seatisfy.lt\/ru\/wp-json\/wp\/v2\/pages"}],"about":[{"href":"https:\/\/seatisfy.lt\/ru\/wp-json\/wp\/v2\/types\/page"}],"author":[{"embeddable":true,"href":"https:\/\/seatisfy.lt\/ru\/wp-json\/wp\/v2\/users\/1"}],"replies":[{"embeddable":true,"href":"https:\/\/seatisfy.lt\/ru\/wp-json\/wp\/v2\/comments?post=2109"}],"version-history":[{"count":2,"href":"https:\/\/seatisfy.lt\/ru\/wp-json\/wp\/v2\/pages\/2109\/revisions"}],"predecessor-version":[{"id":17194,"href":"https:\/\/seatisfy.lt\/ru\/wp-json\/wp\/v2\/pages\/2109\/revisions\/17194"}],"wp:attachment":[{"href":"https:\/\/seatisfy.lt\/ru\/wp-json\/wp\/v2\/media?parent=2109"}],"curies":[{"name":"wp","href":"https:\/\/api.w.org\/{rel}","templated":true}]}}