{"id":1461,"date":"2023-01-30T15:57:47","date_gmt":"2023-01-30T13:57:47","guid":{"rendered":"https:\/\/shop.jogunde.eu\/%d0%b4%d0%be%d1%81%d1%82%d0%b0%d0%b2%d0%ba%d0%b0\/"},"modified":"2024-07-10T15:02:47","modified_gmt":"2024-07-10T13:02:47","slug":"%d0%b4%d0%be%d1%81%d1%82%d0%b0%d0%b2%d0%ba%d0%b0","status":"publish","type":"page","link":"https:\/\/seatisfy.lt\/ru\/%d0%b4%d0%be%d1%81%d1%82%d0%b0%d0%b2%d0%ba%d0%b0\/","title":{"rendered":"\u0414\u043e\u0441\u0442\u0430\u0432\u043a\u0430"},"content":{"rendered":"<p>\u0427\u0430\u0441\u044b \u0440\u0430\u0431\u043e\u0442\u044b:<\/p>\n<p>I &#8212; IV 9:00 &#8212; 16:00<\/p>\n<p>V 9:00 &#8212; 15:00<\/p>\n<p>&nbsp;<\/p>\n<p>\u041d\u0430\u0448 \u043a\u043b\u0430\u0441\u0441\u043d\u044b\u0439 \u043a\u0443\u0440\u044c\u0435\u0440 \u043f\u043e\u0437\u0430\u0431\u043e\u0442\u0438\u0442\u0441\u044f \u043e \u0432\u0430\u0448\u0435\u043c \u043e\u0431\u0435\u0434\u0435.<\/p>\n<p>&nbsp;<\/p>\n<p>\u0421\u0442\u043e\u0438\u043c\u043e\u0441\u0442\u044c \u0434\u043e\u0441\u0442\u0430\u0432\u043a\u0438:<\/p>\n<p>\u0417\u0430\u043a\u0430\u0437 \u0434\u043e 14,99 \u20ac &#8212; \u0434\u043e\u0441\u0442\u0430\u0432\u043a\u0430 3 \u20ac<\/p>\n<p>\u0417\u0430\u043a\u0430\u0437 \u043e\u0442 15,00 \u20ac &#8212; \u0434\u043e\u0441\u0442\u0430\u0432\u043a\u0430 1 \u20ac<\/p>\n<p>&nbsp;<\/p>\n<p>\u0414\u043e\u0441\u0442\u0430\u0432\u043a\u0430 \u043e\u0441\u0443\u0449\u0435\u0441\u0442\u0432\u043b\u044f\u0435\u0442\u0441\u044f \u0447\u0435\u0440\u0435\u0437 \u043e\u043f\u0440\u0435\u0434\u0435\u043b\u0435\u043d\u043d\u044b\u0435 \u043f\u0440\u043e\u043c\u0435\u0436\u0443\u0442\u043a\u0438 \u0432\u0440\u0435\u043c\u0435\u043d\u0438 \u043f\u043e \u044d\u043b\u0435\u043a\u0442\u0440\u043e\u043d\u043d\u043e\u0439 \u043f\u043e\u0447\u0442\u0435. \u0432 \u043c\u0430\u0433\u0430\u0437\u0438\u043d\u0435, \u043a\u0430\u0436\u0434\u044b\u0435 \u043f\u043e\u043b\u0447\u0430\u0441\u0430:<\/p>\n<p>\u0421 11:00 \u0434\u043e 12:00<\/p>\n<p>\u0421 11:30 \u0434\u043e 12:30<br \/>\n\u0421 12:00 \u0434\u043e 13:00<\/p>\n<p>\u0421 12:30 \u0434\u043e 13:30<\/p>\n<p>\u0421 13:00 \u0434\u043e 14:00<br \/>\n\u0421 13:30 \u0434\u043e 14:30<\/p>\n<p>\u0421 14:00 \u0434\u043e 15:00<\/p>\n<p>\u0411\u0438\u0437\u043d\u0435\u0441-\u0430\u043a\u043a\u0430\u0443\u043d\u0442\u044b \u0438\u043c\u0435\u044e\u0442 \u0432\u043e\u0437\u043c\u043e\u0436\u043d\u043e\u0441\u0442\u044c \u0444\u0438\u043a\u0441\u0438\u0440\u043e\u0432\u0430\u0442\u044c \u0432\u0440\u0435\u043c\u044f \u0434\u043e\u0441\u0442\u0430\u0432\u043a\u0438.<\/p>\n<p>&nbsp;<\/p>\n<p>**\u0426\u0435\u043d\u0430 \u0433\u0430\u0440\u043d\u0438\u0440\u0430, \u043e\u0432\u043e\u0449\u0435\u0439 \u0438 \u0441\u043e\u0443\u0441\u0430 \u0440\u0430\u0441\u0441\u0447\u0438\u0442\u044b\u0432\u0430\u0435\u0442\u0441\u044f \u043e\u0442\u0434\u0435\u043b\u044c\u043d\u043e.<\/p>\n","protected":false},"excerpt":{"rendered":"<p>\u0427\u0430\u0441\u044b \u0440\u0430\u0431\u043e\u0442\u044b: I &#8212; IV 9:00 &#8212; 16:00 V 9:00 &#8212; 15:00 &nbsp; \u041d\u0430\u0448 \u043a\u043b\u0430\u0441\u0441\u043d\u044b\u0439 \u043a\u0443\u0440\u044c\u0435\u0440 \u043f\u043e\u0437\u0430\u0431\u043e\u0442\u0438\u0442\u0441\u044f \u043e \u0432\u0430\u0448\u0435\u043c \u043e\u0431\u0435\u0434\u0435. &nbsp; \u0421\u0442\u043e\u0438\u043c\u043e\u0441\u0442\u044c \u0434\u043e\u0441\u0442\u0430\u0432\u043a\u0438: \u0417\u0430\u043a\u0430\u0437 \u0434\u043e 14,99 \u20ac &#8212; \u0434\u043e\u0441\u0442\u0430\u0432\u043a\u0430 3 \u20ac \u0417\u0430\u043a\u0430\u0437 \u043e\u0442 15,00 \u20ac &#8212; \u0434\u043e\u0441\u0442\u0430\u0432\u043a\u0430 1 \u20ac &nbsp; \u0414\u043e\u0441\u0442\u0430\u0432\u043a\u0430 \u043e\u0441\u0443\u0449\u0435\u0441\u0442\u0432\u043b\u044f\u0435\u0442\u0441\u044f \u0447\u0435\u0440\u0435\u0437 \u043e\u043f\u0440\u0435\u0434\u0435\u043b\u0435\u043d\u043d\u044b\u0435 \u043f\u0440\u043e\u043c\u0435\u0436\u0443\u0442\u043a\u0438 \u0432\u0440\u0435\u043c\u0435\u043d\u0438 \u043f\u043e \u044d\u043b\u0435\u043a\u0442\u0440\u043e\u043d\u043d\u043e\u0439 \u043f\u043e\u0447\u0442\u0435. \u0432 \u043c\u0430\u0433\u0430\u0437\u0438\u043d\u0435, \u043a\u0430\u0436\u0434\u044b\u0435 \u043f\u043e\u043b\u0447\u0430\u0441\u0430: \u0421 11:00 [&hellip;]<\/p>\n","protected":false},"author":1,"featured_media":0,"parent":0,"menu_order":0,"comment_status":"closed","ping_status":"closed","template":"","meta":{"_acf_changed":false,"inline_featured_image":false,"footnotes":""},"class_list":["post-1461","page","type-page","status-publish","hentry"],"acf":[],"yoast_head":"<!-- This site is optimized with the Yoast SEO plugin v26.4 - https:\/\/yoast.com\/wordpress\/plugins\/seo\/ -->\n<title>\u0414\u043e\u0441\u0442\u0430\u0432\u043a\u0430 - seatisfy<\/title>\n<meta name=\"robots\" content=\"index, follow, max-snippet:-1, max-image-preview:large, max-video-preview:-1\" \/>\n<link rel=\"canonical\" href=\"https:\/\/seatisfy.lt\/ru\/\u0434\u043e\u0441\u0442\u0430\u0432\u043a\u0430\/\" \/>\n<meta property=\"og:locale\" content=\"ru_RU\" \/>\n<meta property=\"og:type\" content=\"article\" \/>\n<meta property=\"og:title\" content=\"\u0414\u043e\u0441\u0442\u0430\u0432\u043a\u0430 - seatisfy\" \/>\n<meta property=\"og:description\" content=\"\u0427\u0430\u0441\u044b \u0440\u0430\u0431\u043e\u0442\u044b: I &#8212; IV 9:00 &#8212; 16:00 V 9:00 &#8212; 15:00 &nbsp; \u041d\u0430\u0448 \u043a\u043b\u0430\u0441\u0441\u043d\u044b\u0439 \u043a\u0443\u0440\u044c\u0435\u0440 \u043f\u043e\u0437\u0430\u0431\u043e\u0442\u0438\u0442\u0441\u044f \u043e \u0432\u0430\u0448\u0435\u043c \u043e\u0431\u0435\u0434\u0435. &nbsp; \u0421\u0442\u043e\u0438\u043c\u043e\u0441\u0442\u044c \u0434\u043e\u0441\u0442\u0430\u0432\u043a\u0438: \u0417\u0430\u043a\u0430\u0437 \u0434\u043e 14,99 \u20ac &#8212; \u0434\u043e\u0441\u0442\u0430\u0432\u043a\u0430 3 \u20ac \u0417\u0430\u043a\u0430\u0437 \u043e\u0442 15,00 \u20ac &#8212; \u0434\u043e\u0441\u0442\u0430\u0432\u043a\u0430 1 \u20ac &nbsp; \u0414\u043e\u0441\u0442\u0430\u0432\u043a\u0430 \u043e\u0441\u0443\u0449\u0435\u0441\u0442\u0432\u043b\u044f\u0435\u0442\u0441\u044f \u0447\u0435\u0440\u0435\u0437 \u043e\u043f\u0440\u0435\u0434\u0435\u043b\u0435\u043d\u043d\u044b\u0435 \u043f\u0440\u043e\u043c\u0435\u0436\u0443\u0442\u043a\u0438 \u0432\u0440\u0435\u043c\u0435\u043d\u0438 \u043f\u043e \u044d\u043b\u0435\u043a\u0442\u0440\u043e\u043d\u043d\u043e\u0439 \u043f\u043e\u0447\u0442\u0435. \u0432 \u043c\u0430\u0433\u0430\u0437\u0438\u043d\u0435, \u043a\u0430\u0436\u0434\u044b\u0435 \u043f\u043e\u043b\u0447\u0430\u0441\u0430: \u0421 11:00 [&hellip;]\" \/>\n<meta property=\"og:url\" content=\"https:\/\/seatisfy.lt\/ru\/\u0434\u043e\u0441\u0442\u0430\u0432\u043a\u0430\/\" \/>\n<meta property=\"og:site_name\" content=\"seatisfy\" \/>\n<meta property=\"article:publisher\" content=\"https:\/\/www.facebook.com\/seatisfy.lt\" \/>\n<meta property=\"article:modified_time\" content=\"2024-07-10T13:02:47+00:00\" \/>\n<meta property=\"og:image\" content=\"https:\/\/seatisfy.lt\/wp-content\/uploads\/2024\/05\/seatisfy.jpeg\" \/>\n\t<meta property=\"og:image:width\" content=\"1920\" \/>\n\t<meta property=\"og:image:height\" content=\"844\" \/>\n\t<meta property=\"og:image:type\" content=\"image\/jpeg\" \/>\n<meta name=\"twitter:card\" content=\"summary_large_image\" \/>\n<script type=\"application\/ld+json\" class=\"yoast-schema-graph\">{\"@context\":\"https:\/\/schema.org\",\"@graph\":[{\"@type\":\"WebPage\",\"@id\":\"https:\/\/seatisfy.lt\/ru\/%d0%b4%d0%be%d1%81%d1%82%d0%b0%d0%b2%d0%ba%d0%b0\/\",\"url\":\"https:\/\/seatisfy.lt\/ru\/%d0%b4%d0%be%d1%81%d1%82%d0%b0%d0%b2%d0%ba%d0%b0\/\",\"name\":\"\u0414\u043e\u0441\u0442\u0430\u0432\u043a\u0430 - seatisfy\",\"isPartOf\":{\"@id\":\"https:\/\/seatisfy.lt\/#website\"},\"datePublished\":\"2023-01-30T13:57:47+00:00\",\"dateModified\":\"2024-07-10T13:02:47+00:00\",\"breadcrumb\":{\"@id\":\"https:\/\/seatisfy.lt\/ru\/%d0%b4%d0%be%d1%81%d1%82%d0%b0%d0%b2%d0%ba%d0%b0\/#breadcrumb\"},\"inLanguage\":\"ru-RU\",\"potentialAction\":[{\"@type\":\"ReadAction\",\"target\":[\"https:\/\/seatisfy.lt\/ru\/%d0%b4%d0%be%d1%81%d1%82%d0%b0%d0%b2%d0%ba%d0%b0\/\"]}]},{\"@type\":\"BreadcrumbList\",\"@id\":\"https:\/\/seatisfy.lt\/ru\/%d0%b4%d0%be%d1%81%d1%82%d0%b0%d0%b2%d0%ba%d0%b0\/#breadcrumb\",\"itemListElement\":[{\"@type\":\"ListItem\",\"position\":1,\"name\":\"Home\",\"item\":\"https:\/\/seatisfy.lt\/ru\/%d0%b3%d0%bb%d0%b0%d0%b2%d0%bd%d0%b0%d1%8f\/\"},{\"@type\":\"ListItem\",\"position\":2,\"name\":\"\u0414\u043e\u0441\u0442\u0430\u0432\u043a\u0430\"}]},{\"@type\":\"WebSite\",\"@id\":\"https:\/\/seatisfy.lt\/#website\",\"url\":\"https:\/\/seatisfy.lt\/\",\"name\":\"seatisfy\",\"description\":\"Dienos piet\u0173 pristatymas \u012f biurus Klaip\u0117doje\",\"publisher\":{\"@id\":\"https:\/\/seatisfy.lt\/#organization\"},\"potentialAction\":[{\"@type\":\"SearchAction\",\"target\":{\"@type\":\"EntryPoint\",\"urlTemplate\":\"https:\/\/seatisfy.lt\/?s={search_term_string}\"},\"query-input\":{\"@type\":\"PropertyValueSpecification\",\"valueRequired\":true,\"valueName\":\"search_term_string\"}}],\"inLanguage\":\"ru-RU\"},{\"@type\":\"Organization\",\"@id\":\"https:\/\/seatisfy.lt\/#organization\",\"name\":\"seatisfy\",\"url\":\"https:\/\/seatisfy.lt\/\",\"logo\":{\"@type\":\"ImageObject\",\"inLanguage\":\"ru-RU\",\"@id\":\"https:\/\/seatisfy.lt\/#\/schema\/logo\/image\/\",\"url\":\"https:\/\/seatisfy.lt\/wp-content\/uploads\/2023\/06\/2.png\",\"contentUrl\":\"https:\/\/seatisfy.lt\/wp-content\/uploads\/2023\/06\/2.png\",\"width\":500,\"height\":500,\"caption\":\"seatisfy\"},\"image\":{\"@id\":\"https:\/\/seatisfy.lt\/#\/schema\/logo\/image\/\"},\"sameAs\":[\"https:\/\/www.facebook.com\/seatisfy.lt\"]}]}<\/script>\n<!-- \/ Yoast SEO plugin. -->","yoast_head_json":{"title":"\u0414\u043e\u0441\u0442\u0430\u0432\u043a\u0430 - seatisfy","robots":{"index":"index","follow":"follow","max-snippet":"max-snippet:-1","max-image-preview":"max-image-preview:large","max-video-preview":"max-video-preview:-1"},"canonical":"https:\/\/seatisfy.lt\/ru\/\u0434\u043e\u0441\u0442\u0430\u0432\u043a\u0430\/","og_locale":"ru_RU","og_type":"article","og_title":"\u0414\u043e\u0441\u0442\u0430\u0432\u043a\u0430 - seatisfy","og_description":"\u0427\u0430\u0441\u044b \u0440\u0430\u0431\u043e\u0442\u044b: I &#8212; IV 9:00 &#8212; 16:00 V 9:00 &#8212; 15:00 &nbsp; \u041d\u0430\u0448 \u043a\u043b\u0430\u0441\u0441\u043d\u044b\u0439 \u043a\u0443\u0440\u044c\u0435\u0440 \u043f\u043e\u0437\u0430\u0431\u043e\u0442\u0438\u0442\u0441\u044f \u043e \u0432\u0430\u0448\u0435\u043c \u043e\u0431\u0435\u0434\u0435. &nbsp; \u0421\u0442\u043e\u0438\u043c\u043e\u0441\u0442\u044c \u0434\u043e\u0441\u0442\u0430\u0432\u043a\u0438: \u0417\u0430\u043a\u0430\u0437 \u0434\u043e 14,99 \u20ac &#8212; \u0434\u043e\u0441\u0442\u0430\u0432\u043a\u0430 3 \u20ac \u0417\u0430\u043a\u0430\u0437 \u043e\u0442 15,00 \u20ac &#8212; \u0434\u043e\u0441\u0442\u0430\u0432\u043a\u0430 1 \u20ac &nbsp; \u0414\u043e\u0441\u0442\u0430\u0432\u043a\u0430 \u043e\u0441\u0443\u0449\u0435\u0441\u0442\u0432\u043b\u044f\u0435\u0442\u0441\u044f \u0447\u0435\u0440\u0435\u0437 \u043e\u043f\u0440\u0435\u0434\u0435\u043b\u0435\u043d\u043d\u044b\u0435 \u043f\u0440\u043e\u043c\u0435\u0436\u0443\u0442\u043a\u0438 \u0432\u0440\u0435\u043c\u0435\u043d\u0438 \u043f\u043e \u044d\u043b\u0435\u043a\u0442\u0440\u043e\u043d\u043d\u043e\u0439 \u043f\u043e\u0447\u0442\u0435. \u0432 \u043c\u0430\u0433\u0430\u0437\u0438\u043d\u0435, \u043a\u0430\u0436\u0434\u044b\u0435 \u043f\u043e\u043b\u0447\u0430\u0441\u0430: \u0421 11:00 [&hellip;]","og_url":"https:\/\/seatisfy.lt\/ru\/\u0434\u043e\u0441\u0442\u0430\u0432\u043a\u0430\/","og_site_name":"seatisfy","article_publisher":"https:\/\/www.facebook.com\/seatisfy.lt","article_modified_time":"2024-07-10T13:02:47+00:00","og_image":[{"width":1920,"height":844,"url":"https:\/\/seatisfy.lt\/wp-content\/uploads\/2024\/05\/seatisfy.jpeg","type":"image\/jpeg"}],"twitter_card":"summary_large_image","schema":{"@context":"https:\/\/schema.org","@graph":[{"@type":"WebPage","@id":"https:\/\/seatisfy.lt\/ru\/%d0%b4%d0%be%d1%81%d1%82%d0%b0%d0%b2%d0%ba%d0%b0\/","url":"https:\/\/seatisfy.lt\/ru\/%d0%b4%d0%be%d1%81%d1%82%d0%b0%d0%b2%d0%ba%d0%b0\/","name":"\u0414\u043e\u0441\u0442\u0430\u0432\u043a\u0430 - seatisfy","isPartOf":{"@id":"https:\/\/seatisfy.lt\/#website"},"datePublished":"2023-01-30T13:57:47+00:00","dateModified":"2024-07-10T13:02:47+00:00","breadcrumb":{"@id":"https:\/\/seatisfy.lt\/ru\/%d0%b4%d0%be%d1%81%d1%82%d0%b0%d0%b2%d0%ba%d0%b0\/#breadcrumb"},"inLanguage":"ru-RU","potentialAction":[{"@type":"ReadAction","target":["https:\/\/seatisfy.lt\/ru\/%d0%b4%d0%be%d1%81%d1%82%d0%b0%d0%b2%d0%ba%d0%b0\/"]}]},{"@type":"BreadcrumbList","@id":"https:\/\/seatisfy.lt\/ru\/%d0%b4%d0%be%d1%81%d1%82%d0%b0%d0%b2%d0%ba%d0%b0\/#breadcrumb","itemListElement":[{"@type":"ListItem","position":1,"name":"Home","item":"https:\/\/seatisfy.lt\/ru\/%d0%b3%d0%bb%d0%b0%d0%b2%d0%bd%d0%b0%d1%8f\/"},{"@type":"ListItem","position":2,"name":"\u0414\u043e\u0441\u0442\u0430\u0432\u043a\u0430"}]},{"@type":"WebSite","@id":"https:\/\/seatisfy.lt\/#website","url":"https:\/\/seatisfy.lt\/","name":"seatisfy","description":"Dienos piet\u0173 pristatymas \u012f biurus Klaip\u0117doje","publisher":{"@id":"https:\/\/seatisfy.lt\/#organization"},"potentialAction":[{"@type":"SearchAction","target":{"@type":"EntryPoint","urlTemplate":"https:\/\/seatisfy.lt\/?s={search_term_string}"},"query-input":{"@type":"PropertyValueSpecification","valueRequired":true,"valueName":"search_term_string"}}],"inLanguage":"ru-RU"},{"@type":"Organization","@id":"https:\/\/seatisfy.lt\/#organization","name":"seatisfy","url":"https:\/\/seatisfy.lt\/","logo":{"@type":"ImageObject","inLanguage":"ru-RU","@id":"https:\/\/seatisfy.lt\/#\/schema\/logo\/image\/","url":"https:\/\/seatisfy.lt\/wp-content\/uploads\/2023\/06\/2.png","contentUrl":"https:\/\/seatisfy.lt\/wp-content\/uploads\/2023\/06\/2.png","width":500,"height":500,"caption":"seatisfy"},"image":{"@id":"https:\/\/seatisfy.lt\/#\/schema\/logo\/image\/"},"sameAs":["https:\/\/www.facebook.com\/seatisfy.lt"]}]}},"_links":{"self":[{"href":"https:\/\/seatisfy.lt\/ru\/wp-json\/wp\/v2\/pages\/1461","targetHints":{"allow":["GET"]}}],"collection":[{"href":"https:\/\/seatisfy.lt\/ru\/wp-json\/wp\/v2\/pages"}],"about":[{"href":"https:\/\/seatisfy.lt\/ru\/wp-json\/wp\/v2\/types\/page"}],"author":[{"embeddable":true,"href":"https:\/\/seatisfy.lt\/ru\/wp-json\/wp\/v2\/users\/1"}],"replies":[{"embeddable":true,"href":"https:\/\/seatisfy.lt\/ru\/wp-json\/wp\/v2\/comments?post=1461"}],"version-history":[{"count":1,"href":"https:\/\/seatisfy.lt\/ru\/wp-json\/wp\/v2\/pages\/1461\/revisions"}],"predecessor-version":[{"id":28500,"href":"https:\/\/seatisfy.lt\/ru\/wp-json\/wp\/v2\/pages\/1461\/revisions\/28500"}],"wp:attachment":[{"href":"https:\/\/seatisfy.lt\/ru\/wp-json\/wp\/v2\/media?parent=1461"}],"curies":[{"name":"wp","href":"https:\/\/api.w.org\/{rel}","templated":true}]}}