{"id":6912,"date":"2023-06-20T12:46:47","date_gmt":"2023-06-20T10:46:47","guid":{"rendered":"https:\/\/shop.jogunde.eu\/allergens\/"},"modified":"2025-03-31T11:59:01","modified_gmt":"2025-03-31T09:59:01","slug":"allergens","status":"publish","type":"page","link":"https:\/\/seatisfy.lt\/en\/allergens\/","title":{"rendered":"Allergens"},"content":{"rendered":"<p class=\"profile-tab\" style=\"font-size: 22px;\">List of nutrients that are legally considered allergens:<\/p>\n<p>&nbsp;<\/p>\n<table style=\"border-collapse: collapse; width: 100%;\" border=\"1\">\n<tbody>\n<tr>\n<td style=\"width: 50%;\">1. Cereals containing gluten (wheat, rye, barley, oats, spelled, kamut or their crossed varieties) and their products<\/td>\n<\/tr>\n<tr>\n<td style=\"width: 50%;\">2. Crustaceans and their products<\/td>\n<\/tr>\n<tr>\n<td style=\"width: 50%;\">3. Eggs and their products<\/td>\n<\/tr>\n<tr>\n<td style=\"width: 50%;\">4. Fish and their products<\/td>\n<\/tr>\n<tr>\n<td style=\"width: 50%;\">5. Peanuts and their products<\/td>\n<\/tr>\n<tr>\n<td style=\"width: 50%;\">6. Soybeans and their products<\/td>\n<\/tr>\n<tr>\n<td style=\"width: 50%;\">7. Milk and its products, including lactose<\/td>\n<\/tr>\n<tr>\n<td style=\"width: 50%;\">8. Nuts and their products, with the exception of nuts used for the production of alcohol distillates, including ethyl alcohol of agricultural origin<\/td>\n<\/tr>\n<tr>\n<td style=\"width: 50%;\">9. Celery and its products<\/td>\n<\/tr>\n<tr>\n<td style=\"width: 50%;\">10. Mustard and its products<\/td>\n<\/tr>\n<tr>\n<td style=\"width: 50%;\">11. Sesame seeds and their products<\/td>\n<\/tr>\n<tr>\n<td style=\"width: 50%;\">12. Sulfur dioxide and sulphites with a concentration higher than 10mg\/kg or 10mg\/l in total SO2 are calculated for ready-to-use products or products regenerated according to manufacturers&#8217; instructions<\/td>\n<\/tr>\n<tr>\n<td style=\"width: 50%;\">13. Molluscs and their products<\/td>\n<\/tr>\n<\/tbody>\n<\/table>\n","protected":false},"excerpt":{"rendered":"<p>List of nutrients that are legally considered allergens: &nbsp; 1. Cereals containing gluten (wheat, rye, barley, oats, spelled, kamut or their crossed varieties) and their products 2. Crustaceans and their products 3. Eggs and their products 4. Fish and their products 5. Peanuts and their products 6. Soybeans and their products 7. Milk and its [&hellip;]<\/p>\n","protected":false},"author":1,"featured_media":0,"parent":0,"menu_order":0,"comment_status":"closed","ping_status":"closed","template":"","meta":{"_acf_changed":false,"inline_featured_image":false,"footnotes":""},"class_list":["post-6912","page","type-page","status-publish","hentry"],"acf":[],"yoast_head":"<!-- This site is optimized with the Yoast SEO plugin v26.4 - https:\/\/yoast.com\/wordpress\/plugins\/seo\/ -->\n<title>Allergens - seatisfy<\/title>\n<meta name=\"description\" content=\"Allergens. Find out the list of nutrients that are legally considered allergens.\" \/>\n<meta name=\"robots\" content=\"index, follow, max-snippet:-1, max-image-preview:large, max-video-preview:-1\" \/>\n<link rel=\"canonical\" href=\"https:\/\/seatisfy.lt\/en\/allergens\/\" \/>\n<meta property=\"og:locale\" content=\"en_US\" \/>\n<meta property=\"og:type\" content=\"article\" \/>\n<meta property=\"og:title\" content=\"Allergens.\" \/>\n<meta property=\"og:description\" content=\"Find out the list of nutrients that are legally considered allergens.\" \/>\n<meta property=\"og:url\" content=\"https:\/\/seatisfy.lt\/en\/allergens\/\" \/>\n<meta property=\"og:site_name\" content=\"seatisfy\" \/>\n<meta property=\"article:publisher\" content=\"https:\/\/www.facebook.com\/seatisfy.lt\" \/>\n<meta property=\"article:modified_time\" content=\"2025-03-31T09:59:01+00:00\" \/>\n<meta property=\"og:image\" content=\"https:\/\/seatisfy.lt\/wp-content\/uploads\/2024\/05\/seatisfy.jpeg\" \/>\n\t<meta property=\"og:image:width\" content=\"1920\" \/>\n\t<meta property=\"og:image:height\" content=\"844\" \/>\n\t<meta property=\"og:image:type\" content=\"image\/jpeg\" \/>\n<meta name=\"twitter:card\" content=\"summary_large_image\" \/>\n<meta name=\"twitter:label1\" content=\"Est. reading time\" \/>\n\t<meta name=\"twitter:data1\" content=\"1 minute\" \/>\n<script type=\"application\/ld+json\" class=\"yoast-schema-graph\">{\"@context\":\"https:\/\/schema.org\",\"@graph\":[{\"@type\":\"WebPage\",\"@id\":\"https:\/\/seatisfy.lt\/en\/allergens\/\",\"url\":\"https:\/\/seatisfy.lt\/en\/allergens\/\",\"name\":\"Allergens - seatisfy\",\"isPartOf\":{\"@id\":\"https:\/\/seatisfy.lt\/#website\"},\"datePublished\":\"2023-06-20T10:46:47+00:00\",\"dateModified\":\"2025-03-31T09:59:01+00:00\",\"description\":\"Allergens. Find out the list of nutrients that are legally considered allergens.\",\"breadcrumb\":{\"@id\":\"https:\/\/seatisfy.lt\/en\/allergens\/#breadcrumb\"},\"inLanguage\":\"en-US\",\"potentialAction\":[{\"@type\":\"ReadAction\",\"target\":[\"https:\/\/seatisfy.lt\/en\/allergens\/\"]}]},{\"@type\":\"BreadcrumbList\",\"@id\":\"https:\/\/seatisfy.lt\/en\/allergens\/#breadcrumb\",\"itemListElement\":[{\"@type\":\"ListItem\",\"position\":1,\"name\":\"Home\",\"item\":\"https:\/\/seatisfy.lt\/en\/home-2\/\"},{\"@type\":\"ListItem\",\"position\":2,\"name\":\"Allergens\"}]},{\"@type\":\"WebSite\",\"@id\":\"https:\/\/seatisfy.lt\/#website\",\"url\":\"https:\/\/seatisfy.lt\/\",\"name\":\"seatisfy\",\"description\":\"Dienos piet\u0173 pristatymas \u012f biurus Klaip\u0117doje\",\"publisher\":{\"@id\":\"https:\/\/seatisfy.lt\/#organization\"},\"potentialAction\":[{\"@type\":\"SearchAction\",\"target\":{\"@type\":\"EntryPoint\",\"urlTemplate\":\"https:\/\/seatisfy.lt\/?s={search_term_string}\"},\"query-input\":{\"@type\":\"PropertyValueSpecification\",\"valueRequired\":true,\"valueName\":\"search_term_string\"}}],\"inLanguage\":\"en-US\"},{\"@type\":\"Organization\",\"@id\":\"https:\/\/seatisfy.lt\/#organization\",\"name\":\"seatisfy\",\"url\":\"https:\/\/seatisfy.lt\/\",\"logo\":{\"@type\":\"ImageObject\",\"inLanguage\":\"en-US\",\"@id\":\"https:\/\/seatisfy.lt\/#\/schema\/logo\/image\/\",\"url\":\"https:\/\/seatisfy.lt\/wp-content\/uploads\/2023\/06\/2.png\",\"contentUrl\":\"https:\/\/seatisfy.lt\/wp-content\/uploads\/2023\/06\/2.png\",\"width\":500,\"height\":500,\"caption\":\"seatisfy\"},\"image\":{\"@id\":\"https:\/\/seatisfy.lt\/#\/schema\/logo\/image\/\"},\"sameAs\":[\"https:\/\/www.facebook.com\/seatisfy.lt\"]}]}<\/script>\n<!-- \/ Yoast SEO plugin. -->","yoast_head_json":{"title":"Allergens - seatisfy","description":"Allergens. Find out the list of nutrients that are legally considered allergens.","robots":{"index":"index","follow":"follow","max-snippet":"max-snippet:-1","max-image-preview":"max-image-preview:large","max-video-preview":"max-video-preview:-1"},"canonical":"https:\/\/seatisfy.lt\/en\/allergens\/","og_locale":"en_US","og_type":"article","og_title":"Allergens.","og_description":"Find out the list of nutrients that are legally considered allergens.","og_url":"https:\/\/seatisfy.lt\/en\/allergens\/","og_site_name":"seatisfy","article_publisher":"https:\/\/www.facebook.com\/seatisfy.lt","article_modified_time":"2025-03-31T09:59:01+00:00","og_image":[{"width":1920,"height":844,"url":"https:\/\/seatisfy.lt\/wp-content\/uploads\/2024\/05\/seatisfy.jpeg","type":"image\/jpeg"}],"twitter_card":"summary_large_image","twitter_misc":{"Est. reading time":"1 minute"},"schema":{"@context":"https:\/\/schema.org","@graph":[{"@type":"WebPage","@id":"https:\/\/seatisfy.lt\/en\/allergens\/","url":"https:\/\/seatisfy.lt\/en\/allergens\/","name":"Allergens - seatisfy","isPartOf":{"@id":"https:\/\/seatisfy.lt\/#website"},"datePublished":"2023-06-20T10:46:47+00:00","dateModified":"2025-03-31T09:59:01+00:00","description":"Allergens. Find out the list of nutrients that are legally considered allergens.","breadcrumb":{"@id":"https:\/\/seatisfy.lt\/en\/allergens\/#breadcrumb"},"inLanguage":"en-US","potentialAction":[{"@type":"ReadAction","target":["https:\/\/seatisfy.lt\/en\/allergens\/"]}]},{"@type":"BreadcrumbList","@id":"https:\/\/seatisfy.lt\/en\/allergens\/#breadcrumb","itemListElement":[{"@type":"ListItem","position":1,"name":"Home","item":"https:\/\/seatisfy.lt\/en\/home-2\/"},{"@type":"ListItem","position":2,"name":"Allergens"}]},{"@type":"WebSite","@id":"https:\/\/seatisfy.lt\/#website","url":"https:\/\/seatisfy.lt\/","name":"seatisfy","description":"Dienos piet\u0173 pristatymas \u012f biurus Klaip\u0117doje","publisher":{"@id":"https:\/\/seatisfy.lt\/#organization"},"potentialAction":[{"@type":"SearchAction","target":{"@type":"EntryPoint","urlTemplate":"https:\/\/seatisfy.lt\/?s={search_term_string}"},"query-input":{"@type":"PropertyValueSpecification","valueRequired":true,"valueName":"search_term_string"}}],"inLanguage":"en-US"},{"@type":"Organization","@id":"https:\/\/seatisfy.lt\/#organization","name":"seatisfy","url":"https:\/\/seatisfy.lt\/","logo":{"@type":"ImageObject","inLanguage":"en-US","@id":"https:\/\/seatisfy.lt\/#\/schema\/logo\/image\/","url":"https:\/\/seatisfy.lt\/wp-content\/uploads\/2023\/06\/2.png","contentUrl":"https:\/\/seatisfy.lt\/wp-content\/uploads\/2023\/06\/2.png","width":500,"height":500,"caption":"seatisfy"},"image":{"@id":"https:\/\/seatisfy.lt\/#\/schema\/logo\/image\/"},"sameAs":["https:\/\/www.facebook.com\/seatisfy.lt"]}]}},"_links":{"self":[{"href":"https:\/\/seatisfy.lt\/en\/wp-json\/wp\/v2\/pages\/6912","targetHints":{"allow":["GET"]}}],"collection":[{"href":"https:\/\/seatisfy.lt\/en\/wp-json\/wp\/v2\/pages"}],"about":[{"href":"https:\/\/seatisfy.lt\/en\/wp-json\/wp\/v2\/types\/page"}],"author":[{"embeddable":true,"href":"https:\/\/seatisfy.lt\/en\/wp-json\/wp\/v2\/users\/1"}],"replies":[{"embeddable":true,"href":"https:\/\/seatisfy.lt\/en\/wp-json\/wp\/v2\/comments?post=6912"}],"version-history":[{"count":1,"href":"https:\/\/seatisfy.lt\/en\/wp-json\/wp\/v2\/pages\/6912\/revisions"}],"predecessor-version":[{"id":29527,"href":"https:\/\/seatisfy.lt\/en\/wp-json\/wp\/v2\/pages\/6912\/revisions\/29527"}],"wp:attachment":[{"href":"https:\/\/seatisfy.lt\/en\/wp-json\/wp\/v2\/media?parent=6912"}],"curies":[{"name":"wp","href":"https:\/\/api.w.org\/{rel}","templated":true}]}}