{"id":17477,"date":"2023-01-24T18:08:24","date_gmt":"2023-01-24T16:08:24","guid":{"rendered":"https:\/\/seatisfy.lt\/imonems\/"},"modified":"2025-05-26T22:50:35","modified_gmt":"2025-05-26T20:50:35","slug":"imonems","status":"publish","type":"page","link":"https:\/\/seatisfy.lt\/en\/imonems\/","title":{"rendered":"Daily lunch in the office"},"content":{"rendered":"","protected":false},"excerpt":{"rendered":"","protected":false},"author":1,"featured_media":0,"parent":0,"menu_order":0,"comment_status":"closed","ping_status":"closed","template":"templates\/template-for-company.php","meta":{"_acf_changed":false,"inline_featured_image":false,"footnotes":""},"class_list":["post-17477","page","type-page","status-publish","hentry"],"acf":[],"yoast_head":"<!-- This site is optimized with the Yoast SEO plugin v26.4 - https:\/\/yoast.com\/wordpress\/plugins\/seo\/ -->\n<title>Daily lunch in the office - seatisfy<\/title>\n<meta name=\"description\" content=\"Daily lunch in the office in Klaip\u0117da. We&#039;ll make your lunch at work a pleasure - we&#039;ll deliver delicious, fresh lunches to your office\" \/>\n<meta name=\"robots\" content=\"index, follow, max-snippet:-1, max-image-preview:large, max-video-preview:-1\" \/>\n<link rel=\"canonical\" href=\"https:\/\/seatisfy.lt\/en\/imonems\/\" \/>\n<meta property=\"og:locale\" content=\"en_US\" \/>\n<meta property=\"og:type\" content=\"article\" \/>\n<meta property=\"og:title\" content=\"Try the daily lunch delivery app.\" \/>\n<meta property=\"og:description\" content=\"Try the daily lunch delivery app. We&#039;ll make your lunch at work enjoyable by delivering quality, fresh and tasty food to your workplace. Download the free Seatisfy app and dine smart.\" \/>\n<meta property=\"og:url\" content=\"https:\/\/seatisfy.lt\/en\/imonems\/\" \/>\n<meta property=\"og:site_name\" content=\"seatisfy\" \/>\n<meta property=\"article:publisher\" content=\"https:\/\/www.facebook.com\/seatisfy.lt\" \/>\n<meta property=\"article:modified_time\" content=\"2025-05-26T20:50:35+00:00\" \/>\n<meta property=\"og:image\" content=\"https:\/\/seatisfy.lt\/wp-content\/uploads\/2024\/05\/seatisfy.jpeg\" \/>\n\t<meta property=\"og:image:width\" content=\"1920\" \/>\n\t<meta property=\"og:image:height\" content=\"844\" \/>\n\t<meta property=\"og:image:type\" content=\"image\/jpeg\" \/>\n<meta name=\"twitter:card\" content=\"summary_large_image\" \/>\n<script type=\"application\/ld+json\" class=\"yoast-schema-graph\">{\"@context\":\"https:\/\/schema.org\",\"@graph\":[{\"@type\":\"WebPage\",\"@id\":\"https:\/\/seatisfy.lt\/en\/imonems\/\",\"url\":\"https:\/\/seatisfy.lt\/en\/imonems\/\",\"name\":\"Daily lunch in the office - seatisfy\",\"isPartOf\":{\"@id\":\"https:\/\/seatisfy.lt\/#website\"},\"datePublished\":\"2023-01-24T16:08:24+00:00\",\"dateModified\":\"2025-05-26T20:50:35+00:00\",\"description\":\"Daily lunch in the office in Klaip\u0117da. We'll make your lunch at work a pleasure - we'll deliver delicious, fresh lunches to your office\",\"breadcrumb\":{\"@id\":\"https:\/\/seatisfy.lt\/en\/imonems\/#breadcrumb\"},\"inLanguage\":\"en-US\",\"potentialAction\":[{\"@type\":\"ReadAction\",\"target\":[\"https:\/\/seatisfy.lt\/en\/imonems\/\"]}]},{\"@type\":\"BreadcrumbList\",\"@id\":\"https:\/\/seatisfy.lt\/en\/imonems\/#breadcrumb\",\"itemListElement\":[{\"@type\":\"ListItem\",\"position\":1,\"name\":\"Home\",\"item\":\"https:\/\/seatisfy.lt\/en\/home-2\/\"},{\"@type\":\"ListItem\",\"position\":2,\"name\":\"Daily lunch in the office\"}]},{\"@type\":\"WebSite\",\"@id\":\"https:\/\/seatisfy.lt\/#website\",\"url\":\"https:\/\/seatisfy.lt\/\",\"name\":\"seatisfy\",\"description\":\"Dienos piet\u0173 pristatymas \u012f biurus Klaip\u0117doje\",\"publisher\":{\"@id\":\"https:\/\/seatisfy.lt\/#organization\"},\"potentialAction\":[{\"@type\":\"SearchAction\",\"target\":{\"@type\":\"EntryPoint\",\"urlTemplate\":\"https:\/\/seatisfy.lt\/?s={search_term_string}\"},\"query-input\":{\"@type\":\"PropertyValueSpecification\",\"valueRequired\":true,\"valueName\":\"search_term_string\"}}],\"inLanguage\":\"en-US\"},{\"@type\":\"Organization\",\"@id\":\"https:\/\/seatisfy.lt\/#organization\",\"name\":\"seatisfy\",\"url\":\"https:\/\/seatisfy.lt\/\",\"logo\":{\"@type\":\"ImageObject\",\"inLanguage\":\"en-US\",\"@id\":\"https:\/\/seatisfy.lt\/#\/schema\/logo\/image\/\",\"url\":\"https:\/\/seatisfy.lt\/wp-content\/uploads\/2023\/06\/2.png\",\"contentUrl\":\"https:\/\/seatisfy.lt\/wp-content\/uploads\/2023\/06\/2.png\",\"width\":500,\"height\":500,\"caption\":\"seatisfy\"},\"image\":{\"@id\":\"https:\/\/seatisfy.lt\/#\/schema\/logo\/image\/\"},\"sameAs\":[\"https:\/\/www.facebook.com\/seatisfy.lt\"]}]}<\/script>\n<!-- \/ Yoast SEO plugin. -->","yoast_head_json":{"title":"Daily lunch in the office - seatisfy","description":"Daily lunch in the office in Klaip\u0117da. We'll make your lunch at work a pleasure - we'll deliver delicious, fresh lunches to your office","robots":{"index":"index","follow":"follow","max-snippet":"max-snippet:-1","max-image-preview":"max-image-preview:large","max-video-preview":"max-video-preview:-1"},"canonical":"https:\/\/seatisfy.lt\/en\/imonems\/","og_locale":"en_US","og_type":"article","og_title":"Try the daily lunch delivery app.","og_description":"Try the daily lunch delivery app. We'll make your lunch at work enjoyable by delivering quality, fresh and tasty food to your workplace. Download the free Seatisfy app and dine smart.","og_url":"https:\/\/seatisfy.lt\/en\/imonems\/","og_site_name":"seatisfy","article_publisher":"https:\/\/www.facebook.com\/seatisfy.lt","article_modified_time":"2025-05-26T20:50:35+00:00","og_image":[{"width":1920,"height":844,"url":"https:\/\/seatisfy.lt\/wp-content\/uploads\/2024\/05\/seatisfy.jpeg","type":"image\/jpeg"}],"twitter_card":"summary_large_image","schema":{"@context":"https:\/\/schema.org","@graph":[{"@type":"WebPage","@id":"https:\/\/seatisfy.lt\/en\/imonems\/","url":"https:\/\/seatisfy.lt\/en\/imonems\/","name":"Daily lunch in the office - seatisfy","isPartOf":{"@id":"https:\/\/seatisfy.lt\/#website"},"datePublished":"2023-01-24T16:08:24+00:00","dateModified":"2025-05-26T20:50:35+00:00","description":"Daily lunch in the office in Klaip\u0117da. We'll make your lunch at work a pleasure - we'll deliver delicious, fresh lunches to your office","breadcrumb":{"@id":"https:\/\/seatisfy.lt\/en\/imonems\/#breadcrumb"},"inLanguage":"en-US","potentialAction":[{"@type":"ReadAction","target":["https:\/\/seatisfy.lt\/en\/imonems\/"]}]},{"@type":"BreadcrumbList","@id":"https:\/\/seatisfy.lt\/en\/imonems\/#breadcrumb","itemListElement":[{"@type":"ListItem","position":1,"name":"Home","item":"https:\/\/seatisfy.lt\/en\/home-2\/"},{"@type":"ListItem","position":2,"name":"Daily lunch in the office"}]},{"@type":"WebSite","@id":"https:\/\/seatisfy.lt\/#website","url":"https:\/\/seatisfy.lt\/","name":"seatisfy","description":"Dienos piet\u0173 pristatymas \u012f biurus Klaip\u0117doje","publisher":{"@id":"https:\/\/seatisfy.lt\/#organization"},"potentialAction":[{"@type":"SearchAction","target":{"@type":"EntryPoint","urlTemplate":"https:\/\/seatisfy.lt\/?s={search_term_string}"},"query-input":{"@type":"PropertyValueSpecification","valueRequired":true,"valueName":"search_term_string"}}],"inLanguage":"en-US"},{"@type":"Organization","@id":"https:\/\/seatisfy.lt\/#organization","name":"seatisfy","url":"https:\/\/seatisfy.lt\/","logo":{"@type":"ImageObject","inLanguage":"en-US","@id":"https:\/\/seatisfy.lt\/#\/schema\/logo\/image\/","url":"https:\/\/seatisfy.lt\/wp-content\/uploads\/2023\/06\/2.png","contentUrl":"https:\/\/seatisfy.lt\/wp-content\/uploads\/2023\/06\/2.png","width":500,"height":500,"caption":"seatisfy"},"image":{"@id":"https:\/\/seatisfy.lt\/#\/schema\/logo\/image\/"},"sameAs":["https:\/\/www.facebook.com\/seatisfy.lt"]}]}},"_links":{"self":[{"href":"https:\/\/seatisfy.lt\/en\/wp-json\/wp\/v2\/pages\/17477","targetHints":{"allow":["GET"]}}],"collection":[{"href":"https:\/\/seatisfy.lt\/en\/wp-json\/wp\/v2\/pages"}],"about":[{"href":"https:\/\/seatisfy.lt\/en\/wp-json\/wp\/v2\/types\/page"}],"author":[{"embeddable":true,"href":"https:\/\/seatisfy.lt\/en\/wp-json\/wp\/v2\/users\/1"}],"replies":[{"embeddable":true,"href":"https:\/\/seatisfy.lt\/en\/wp-json\/wp\/v2\/comments?post=17477"}],"version-history":[{"count":7,"href":"https:\/\/seatisfy.lt\/en\/wp-json\/wp\/v2\/pages\/17477\/revisions"}],"predecessor-version":[{"id":43019,"href":"https:\/\/seatisfy.lt\/en\/wp-json\/wp\/v2\/pages\/17477\/revisions\/43019"}],"wp:attachment":[{"href":"https:\/\/seatisfy.lt\/en\/wp-json\/wp\/v2\/media?parent=17477"}],"curies":[{"name":"wp","href":"https:\/\/api.w.org\/{rel}","templated":true}]}}