{"id":1462,"date":"2023-01-30T15:57:57","date_gmt":"2023-01-30T15:57:57","guid":{"rendered":"https:\/\/shop.jogunde.eu\/faq\/"},"modified":"2024-07-10T15:02:29","modified_gmt":"2024-07-10T13:02:29","slug":"faq","status":"publish","type":"page","link":"https:\/\/seatisfy.lt\/en\/faq\/","title":{"rendered":"FAQ"},"content":{"rendered":"<div class=\"flex flex-col mb-9\"><\/div>\n<div class=\"flex flex-col mb-9\">\n<p><strong>What is Seatisfy?<\/strong><\/p>\n<p><span style=\"font-weight: 400;\">Seatisfy is a food delivery service that delivers tasty and healthy meals to your door.<\/span><\/p>\n<p>&nbsp;<\/p>\n<p><strong>How does Seatisfy work?<\/strong><\/p>\n<p><span style=\"font-weight: 400;\">Customers can order from the Seatisfy website or mobile app. Orders are processed, arranged and delivered to your door.<\/span><\/p>\n<p>&nbsp;<\/p>\n<p><strong>  Can I order from Seatisfy in my area?<\/strong><\/p>\n<p><span style=\"font-weight: 400;\">&#8220;Seatisfy is currently only available in Klaip\u0117da.  <\/span><\/p>\n<p>&nbsp;<\/p>\n<p><strong>  Does Seatisfy offer contactless delivery?<\/strong><\/p>\n<p><span style=\"font-weight: 400;\">Yes, Seatisfy offers contactless delivery options to ensure the security of its customers and delivery couriers.<\/span><\/p>\n<p>&nbsp;<\/p>\n<p><strong>Can I order food delivery for a group or special occasion through Seatisfy?<\/strong><\/p>\n<p><span style=\"font-weight: 400;\">Yes, Seatisfy offers catering and group booking options for parties, meetings or other events. Customers can contact Seatisfy&#8217;s customer service team to place large orders.<\/span><\/p>\n<p>&nbsp;<\/p>\n<p><span style=\"font-weight: 400;\"><strong>Does Seatisfy offer any discounts or promotions?<\/strong><\/span><\/p>\n<p><span style=\"font-weight: 400;\">Seatisfy occasionally offers discounts and promotions to its customers. Customers can check the Seatisfy website or social media accounts for the latest offers.<\/span><\/p>\n<p>&nbsp;<\/p>\n<p><strong>How do I pay for my Seatisfy order?<\/strong><\/p>\n<p><span style=\"font-weight: 400;\">Customers can pay for a Seatisfy order by credit or debit card, in cash, or by entering into a service contract and agreeing individual payment terms.<\/span><\/p>\n<p>&nbsp;<\/p>\n<p><strong>What if I have problems with Seatisfy delivery?<\/strong><\/p>\n<p><span style=\"font-weight: 400;\">If you have a problem with a Seatisfy delivery, such as missing items or food that you are not happy with, you should contact Seatisfy&#8217;s customer service team. They will help you resolve the problem quickly.<\/span><\/p>\n<\/div>\n<p>&nbsp;<\/p>\n<p><strong>I am an accountant for a company and I would like to be invoiced for the orders I have placed. How can I do that?<\/strong><\/p>\n<p>After logging in as a company administrator, you can click on &#8220;Order history&#8221; in your profile and find the &#8220;Download invoice&#8221; button. The invoice is generated on the last day of each month.<\/p>\n","protected":false},"excerpt":{"rendered":"<p>What is Seatisfy? Seatisfy is a food delivery service that delivers tasty and healthy meals to your door. &nbsp; How does Seatisfy work? Customers can order from the Seatisfy website or mobile app. Orders are processed, arranged and delivered to your door. &nbsp; Can I order from Seatisfy in my area? &#8220;Seatisfy is currently only [&hellip;]<\/p>\n","protected":false},"author":1,"featured_media":0,"parent":0,"menu_order":0,"comment_status":"closed","ping_status":"closed","template":"templates\/template-faq.php","meta":{"_acf_changed":false,"inline_featured_image":false,"footnotes":""},"class_list":["post-1462","page","type-page","status-publish","hentry"],"acf":[],"yoast_head":"<!-- This site is optimized with the Yoast SEO plugin v26.4 - https:\/\/yoast.com\/wordpress\/plugins\/seo\/ -->\n<title>FAQ - seatisfy<\/title>\n<meta name=\"robots\" content=\"index, follow, max-snippet:-1, max-image-preview:large, max-video-preview:-1\" \/>\n<link rel=\"canonical\" href=\"https:\/\/seatisfy.lt\/en\/faq\/\" \/>\n<meta property=\"og:locale\" content=\"en_US\" \/>\n<meta property=\"og:type\" content=\"article\" \/>\n<meta property=\"og:title\" content=\"FAQ - seatisfy\" \/>\n<meta property=\"og:description\" content=\"What is Seatisfy? Seatisfy is a food delivery service that delivers tasty and healthy meals to your door. &nbsp; How does Seatisfy work? Customers can order from the Seatisfy website or mobile app. Orders are processed, arranged and delivered to your door. &nbsp; Can I order from Seatisfy in my area? &#8220;Seatisfy is currently only [&hellip;]\" \/>\n<meta property=\"og:url\" content=\"https:\/\/seatisfy.lt\/en\/faq\/\" \/>\n<meta property=\"og:site_name\" content=\"seatisfy\" \/>\n<meta property=\"article:publisher\" content=\"https:\/\/www.facebook.com\/seatisfy.lt\" \/>\n<meta property=\"article:modified_time\" content=\"2024-07-10T13:02:29+00:00\" \/>\n<meta property=\"og:image\" content=\"https:\/\/seatisfy.lt\/wp-content\/uploads\/2024\/05\/seatisfy.jpeg\" \/>\n\t<meta property=\"og:image:width\" content=\"1920\" \/>\n\t<meta property=\"og:image:height\" content=\"844\" \/>\n\t<meta property=\"og:image:type\" content=\"image\/jpeg\" \/>\n<meta name=\"twitter:card\" content=\"summary_large_image\" \/>\n<meta name=\"twitter:label1\" content=\"Est. reading time\" \/>\n\t<meta name=\"twitter:data1\" content=\"1 minute\" \/>\n<script type=\"application\/ld+json\" class=\"yoast-schema-graph\">{\"@context\":\"https:\/\/schema.org\",\"@graph\":[{\"@type\":\"WebPage\",\"@id\":\"https:\/\/seatisfy.lt\/en\/faq\/\",\"url\":\"https:\/\/seatisfy.lt\/en\/faq\/\",\"name\":\"FAQ - seatisfy\",\"isPartOf\":{\"@id\":\"https:\/\/seatisfy.lt\/#website\"},\"datePublished\":\"2023-01-30T15:57:57+00:00\",\"dateModified\":\"2024-07-10T13:02:29+00:00\",\"breadcrumb\":{\"@id\":\"https:\/\/seatisfy.lt\/en\/faq\/#breadcrumb\"},\"inLanguage\":\"en-US\",\"potentialAction\":[{\"@type\":\"ReadAction\",\"target\":[\"https:\/\/seatisfy.lt\/en\/faq\/\"]}]},{\"@type\":\"BreadcrumbList\",\"@id\":\"https:\/\/seatisfy.lt\/en\/faq\/#breadcrumb\",\"itemListElement\":[{\"@type\":\"ListItem\",\"position\":1,\"name\":\"Home\",\"item\":\"https:\/\/seatisfy.lt\/en\/home-2\/\"},{\"@type\":\"ListItem\",\"position\":2,\"name\":\"FAQ\"}]},{\"@type\":\"WebSite\",\"@id\":\"https:\/\/seatisfy.lt\/#website\",\"url\":\"https:\/\/seatisfy.lt\/\",\"name\":\"seatisfy\",\"description\":\"Dienos piet\u0173 pristatymas \u012f biurus Klaip\u0117doje\",\"publisher\":{\"@id\":\"https:\/\/seatisfy.lt\/#organization\"},\"potentialAction\":[{\"@type\":\"SearchAction\",\"target\":{\"@type\":\"EntryPoint\",\"urlTemplate\":\"https:\/\/seatisfy.lt\/?s={search_term_string}\"},\"query-input\":{\"@type\":\"PropertyValueSpecification\",\"valueRequired\":true,\"valueName\":\"search_term_string\"}}],\"inLanguage\":\"en-US\"},{\"@type\":\"Organization\",\"@id\":\"https:\/\/seatisfy.lt\/#organization\",\"name\":\"seatisfy\",\"url\":\"https:\/\/seatisfy.lt\/\",\"logo\":{\"@type\":\"ImageObject\",\"inLanguage\":\"en-US\",\"@id\":\"https:\/\/seatisfy.lt\/#\/schema\/logo\/image\/\",\"url\":\"https:\/\/seatisfy.lt\/wp-content\/uploads\/2023\/06\/2.png\",\"contentUrl\":\"https:\/\/seatisfy.lt\/wp-content\/uploads\/2023\/06\/2.png\",\"width\":500,\"height\":500,\"caption\":\"seatisfy\"},\"image\":{\"@id\":\"https:\/\/seatisfy.lt\/#\/schema\/logo\/image\/\"},\"sameAs\":[\"https:\/\/www.facebook.com\/seatisfy.lt\"]}]}<\/script>\n<!-- \/ Yoast SEO plugin. -->","yoast_head_json":{"title":"FAQ - seatisfy","robots":{"index":"index","follow":"follow","max-snippet":"max-snippet:-1","max-image-preview":"max-image-preview:large","max-video-preview":"max-video-preview:-1"},"canonical":"https:\/\/seatisfy.lt\/en\/faq\/","og_locale":"en_US","og_type":"article","og_title":"FAQ - seatisfy","og_description":"What is Seatisfy? Seatisfy is a food delivery service that delivers tasty and healthy meals to your door. &nbsp; How does Seatisfy work? Customers can order from the Seatisfy website or mobile app. Orders are processed, arranged and delivered to your door. &nbsp; Can I order from Seatisfy in my area? &#8220;Seatisfy is currently only [&hellip;]","og_url":"https:\/\/seatisfy.lt\/en\/faq\/","og_site_name":"seatisfy","article_publisher":"https:\/\/www.facebook.com\/seatisfy.lt","article_modified_time":"2024-07-10T13:02:29+00:00","og_image":[{"width":1920,"height":844,"url":"https:\/\/seatisfy.lt\/wp-content\/uploads\/2024\/05\/seatisfy.jpeg","type":"image\/jpeg"}],"twitter_card":"summary_large_image","twitter_misc":{"Est. reading time":"1 minute"},"schema":{"@context":"https:\/\/schema.org","@graph":[{"@type":"WebPage","@id":"https:\/\/seatisfy.lt\/en\/faq\/","url":"https:\/\/seatisfy.lt\/en\/faq\/","name":"FAQ - seatisfy","isPartOf":{"@id":"https:\/\/seatisfy.lt\/#website"},"datePublished":"2023-01-30T15:57:57+00:00","dateModified":"2024-07-10T13:02:29+00:00","breadcrumb":{"@id":"https:\/\/seatisfy.lt\/en\/faq\/#breadcrumb"},"inLanguage":"en-US","potentialAction":[{"@type":"ReadAction","target":["https:\/\/seatisfy.lt\/en\/faq\/"]}]},{"@type":"BreadcrumbList","@id":"https:\/\/seatisfy.lt\/en\/faq\/#breadcrumb","itemListElement":[{"@type":"ListItem","position":1,"name":"Home","item":"https:\/\/seatisfy.lt\/en\/home-2\/"},{"@type":"ListItem","position":2,"name":"FAQ"}]},{"@type":"WebSite","@id":"https:\/\/seatisfy.lt\/#website","url":"https:\/\/seatisfy.lt\/","name":"seatisfy","description":"Dienos piet\u0173 pristatymas \u012f biurus Klaip\u0117doje","publisher":{"@id":"https:\/\/seatisfy.lt\/#organization"},"potentialAction":[{"@type":"SearchAction","target":{"@type":"EntryPoint","urlTemplate":"https:\/\/seatisfy.lt\/?s={search_term_string}"},"query-input":{"@type":"PropertyValueSpecification","valueRequired":true,"valueName":"search_term_string"}}],"inLanguage":"en-US"},{"@type":"Organization","@id":"https:\/\/seatisfy.lt\/#organization","name":"seatisfy","url":"https:\/\/seatisfy.lt\/","logo":{"@type":"ImageObject","inLanguage":"en-US","@id":"https:\/\/seatisfy.lt\/#\/schema\/logo\/image\/","url":"https:\/\/seatisfy.lt\/wp-content\/uploads\/2023\/06\/2.png","contentUrl":"https:\/\/seatisfy.lt\/wp-content\/uploads\/2023\/06\/2.png","width":500,"height":500,"caption":"seatisfy"},"image":{"@id":"https:\/\/seatisfy.lt\/#\/schema\/logo\/image\/"},"sameAs":["https:\/\/www.facebook.com\/seatisfy.lt"]}]}},"_links":{"self":[{"href":"https:\/\/seatisfy.lt\/en\/wp-json\/wp\/v2\/pages\/1462","targetHints":{"allow":["GET"]}}],"collection":[{"href":"https:\/\/seatisfy.lt\/en\/wp-json\/wp\/v2\/pages"}],"about":[{"href":"https:\/\/seatisfy.lt\/en\/wp-json\/wp\/v2\/types\/page"}],"author":[{"embeddable":true,"href":"https:\/\/seatisfy.lt\/en\/wp-json\/wp\/v2\/users\/1"}],"replies":[{"embeddable":true,"href":"https:\/\/seatisfy.lt\/en\/wp-json\/wp\/v2\/comments?post=1462"}],"version-history":[{"count":2,"href":"https:\/\/seatisfy.lt\/en\/wp-json\/wp\/v2\/pages\/1462\/revisions"}],"predecessor-version":[{"id":28486,"href":"https:\/\/seatisfy.lt\/en\/wp-json\/wp\/v2\/pages\/1462\/revisions\/28486"}],"wp:attachment":[{"href":"https:\/\/seatisfy.lt\/en\/wp-json\/wp\/v2\/media?parent=1462"}],"curies":[{"name":"wp","href":"https:\/\/api.w.org\/{rel}","templated":true}]}}