{"id":1455,"date":"2023-01-30T15:56:56","date_gmt":"2023-01-30T15:56:56","guid":{"rendered":"https:\/\/shop.jogunde.eu\/purchase-rules\/"},"modified":"2023-06-22T11:02:09","modified_gmt":"2023-06-22T11:02:09","slug":"purchase-rules","status":"publish","type":"page","link":"https:\/\/seatisfy.lt\/en\/purchase-rules\/","title":{"rendered":"Purchase rules"},"content":{"rendered":"<div>\n<p><strong>EXAMPLE standard rules for e- shop purchases <\/strong> <\/p>\n<div>\nWelcome to our e-shop!  We want to ensure transparency, reliability and security in your purchasing process. Here are some of the rules you must follow when using our shop:<\/div>\n<div>\nPurchasing process:\n<\/div>\n<div>\nChoice: You can browse through the categories of goods or services in our shop to find the items you want.<br \/>\nBasket: once you have selected the items you want, you can add them to your basket.<br \/>\nPayment:Payment can be made via the various secure payment methods we provide.<br \/>\nOrder confirmation: after successful payment, you will receive an order confirmation with information about your purchase.<\/div>\n<div>\nDescription of goods or services:\n<\/div>\n<div>\nDetailed description: each product or service has a detailed description that includes information on features, size, materials and other important parameters.<br \/>\nPhotos: we try to provide high quality photos so that you can better appreciate the appearance of the goods or services.<br \/>\nPrices and payment terms:\n<\/div>\n<div>\nPrices: all prices shown in the e-shop are clearly and comprehensively stated.  This includes the price of goods or services, delivery or service charges and any discounts or promotions.<br \/>\nPayment security: we are committed to ensuring the security of your payment data. We use secure payment systems and encrypt your data.<br \/>\nReturn and refund policy:\n<\/div>\n<div>\nRefund option: if you are not satisfied with the product or service you have received, you have the right to return it within a certain period. You can find the conditions and procedures for returns in our Returns Policy.<br \/>\nReturns procedure:To return a product or service, please contact our customer service team who will help you with the return process.<br \/>\nThese are just general examples of the rules for buying from an e-shop.  Full details of the rules can be found on our website. If you have any questions, please contact our customer service team. Thank you for choosing our e-shop and we wish you a pleasant shopping experience! <\/p>\n<\/div>\n","protected":false},"excerpt":{"rendered":"<p>EXAMPLE standard rules for e- shop purchases Welcome to our e-shop! We want to ensure transparency, reliability and security in your purchasing process. Here are some of the rules you must follow when using our shop: Purchasing process: Choice: You can browse through the categories of goods or services in our shop to find the [&hellip;]<\/p>\n","protected":false},"author":1,"featured_media":0,"parent":0,"menu_order":0,"comment_status":"closed","ping_status":"closed","template":"","meta":{"_acf_changed":false,"inline_featured_image":false,"footnotes":""},"class_list":["post-1455","page","type-page","status-publish","hentry"],"acf":[],"yoast_head":"<!-- This site is optimized with the Yoast SEO plugin v26.4 - https:\/\/yoast.com\/wordpress\/plugins\/seo\/ -->\n<title>Purchase rules - seatisfy<\/title>\n<meta name=\"robots\" content=\"index, follow, max-snippet:-1, max-image-preview:large, max-video-preview:-1\" \/>\n<link rel=\"canonical\" href=\"https:\/\/seatisfy.lt\/en\/purchase-rules\/\" \/>\n<meta property=\"og:locale\" content=\"en_US\" \/>\n<meta property=\"og:type\" content=\"article\" \/>\n<meta property=\"og:title\" content=\"Purchase rules - seatisfy\" \/>\n<meta property=\"og:description\" content=\"EXAMPLE standard rules for e- shop purchases Welcome to our e-shop! We want to ensure transparency, reliability and security in your purchasing process. Here are some of the rules you must follow when using our shop: Purchasing process: Choice: You can browse through the categories of goods or services in our shop to find the [&hellip;]\" \/>\n<meta property=\"og:url\" content=\"https:\/\/seatisfy.lt\/en\/purchase-rules\/\" \/>\n<meta property=\"og:site_name\" content=\"seatisfy\" \/>\n<meta property=\"article:publisher\" content=\"https:\/\/www.facebook.com\/seatisfy.lt\" \/>\n<meta property=\"article:modified_time\" content=\"2023-06-22T11:02:09+00:00\" \/>\n<meta property=\"og:image\" content=\"https:\/\/seatisfy.lt\/wp-content\/uploads\/2024\/05\/seatisfy.jpeg\" \/>\n\t<meta property=\"og:image:width\" content=\"1920\" \/>\n\t<meta property=\"og:image:height\" content=\"844\" \/>\n\t<meta property=\"og:image:type\" content=\"image\/jpeg\" \/>\n<meta name=\"twitter:card\" content=\"summary_large_image\" \/>\n<meta name=\"twitter:label1\" content=\"Est. reading time\" \/>\n\t<meta name=\"twitter:data1\" content=\"2 minutes\" \/>\n<script type=\"application\/ld+json\" class=\"yoast-schema-graph\">{\"@context\":\"https:\/\/schema.org\",\"@graph\":[{\"@type\":\"WebPage\",\"@id\":\"https:\/\/seatisfy.lt\/en\/purchase-rules\/\",\"url\":\"https:\/\/seatisfy.lt\/en\/purchase-rules\/\",\"name\":\"Purchase rules - seatisfy\",\"isPartOf\":{\"@id\":\"https:\/\/seatisfy.lt\/#website\"},\"datePublished\":\"2023-01-30T15:56:56+00:00\",\"dateModified\":\"2023-06-22T11:02:09+00:00\",\"breadcrumb\":{\"@id\":\"https:\/\/seatisfy.lt\/en\/purchase-rules\/#breadcrumb\"},\"inLanguage\":\"en-US\",\"potentialAction\":[{\"@type\":\"ReadAction\",\"target\":[\"https:\/\/seatisfy.lt\/en\/purchase-rules\/\"]}]},{\"@type\":\"BreadcrumbList\",\"@id\":\"https:\/\/seatisfy.lt\/en\/purchase-rules\/#breadcrumb\",\"itemListElement\":[{\"@type\":\"ListItem\",\"position\":1,\"name\":\"Home\",\"item\":\"https:\/\/seatisfy.lt\/en\/home-2\/\"},{\"@type\":\"ListItem\",\"position\":2,\"name\":\"Purchase rules\"}]},{\"@type\":\"WebSite\",\"@id\":\"https:\/\/seatisfy.lt\/#website\",\"url\":\"https:\/\/seatisfy.lt\/\",\"name\":\"seatisfy\",\"description\":\"Dienos piet\u0173 pristatymas \u012f biurus Klaip\u0117doje\",\"publisher\":{\"@id\":\"https:\/\/seatisfy.lt\/#organization\"},\"potentialAction\":[{\"@type\":\"SearchAction\",\"target\":{\"@type\":\"EntryPoint\",\"urlTemplate\":\"https:\/\/seatisfy.lt\/?s={search_term_string}\"},\"query-input\":{\"@type\":\"PropertyValueSpecification\",\"valueRequired\":true,\"valueName\":\"search_term_string\"}}],\"inLanguage\":\"en-US\"},{\"@type\":\"Organization\",\"@id\":\"https:\/\/seatisfy.lt\/#organization\",\"name\":\"seatisfy\",\"url\":\"https:\/\/seatisfy.lt\/\",\"logo\":{\"@type\":\"ImageObject\",\"inLanguage\":\"en-US\",\"@id\":\"https:\/\/seatisfy.lt\/#\/schema\/logo\/image\/\",\"url\":\"https:\/\/seatisfy.lt\/wp-content\/uploads\/2023\/06\/2.png\",\"contentUrl\":\"https:\/\/seatisfy.lt\/wp-content\/uploads\/2023\/06\/2.png\",\"width\":500,\"height\":500,\"caption\":\"seatisfy\"},\"image\":{\"@id\":\"https:\/\/seatisfy.lt\/#\/schema\/logo\/image\/\"},\"sameAs\":[\"https:\/\/www.facebook.com\/seatisfy.lt\"]}]}<\/script>\n<!-- \/ Yoast SEO plugin. -->","yoast_head_json":{"title":"Purchase rules - seatisfy","robots":{"index":"index","follow":"follow","max-snippet":"max-snippet:-1","max-image-preview":"max-image-preview:large","max-video-preview":"max-video-preview:-1"},"canonical":"https:\/\/seatisfy.lt\/en\/purchase-rules\/","og_locale":"en_US","og_type":"article","og_title":"Purchase rules - seatisfy","og_description":"EXAMPLE standard rules for e- shop purchases Welcome to our e-shop! We want to ensure transparency, reliability and security in your purchasing process. Here are some of the rules you must follow when using our shop: Purchasing process: Choice: You can browse through the categories of goods or services in our shop to find the [&hellip;]","og_url":"https:\/\/seatisfy.lt\/en\/purchase-rules\/","og_site_name":"seatisfy","article_publisher":"https:\/\/www.facebook.com\/seatisfy.lt","article_modified_time":"2023-06-22T11:02:09+00:00","og_image":[{"width":1920,"height":844,"url":"https:\/\/seatisfy.lt\/wp-content\/uploads\/2024\/05\/seatisfy.jpeg","type":"image\/jpeg"}],"twitter_card":"summary_large_image","twitter_misc":{"Est. reading time":"2 minutes"},"schema":{"@context":"https:\/\/schema.org","@graph":[{"@type":"WebPage","@id":"https:\/\/seatisfy.lt\/en\/purchase-rules\/","url":"https:\/\/seatisfy.lt\/en\/purchase-rules\/","name":"Purchase rules - seatisfy","isPartOf":{"@id":"https:\/\/seatisfy.lt\/#website"},"datePublished":"2023-01-30T15:56:56+00:00","dateModified":"2023-06-22T11:02:09+00:00","breadcrumb":{"@id":"https:\/\/seatisfy.lt\/en\/purchase-rules\/#breadcrumb"},"inLanguage":"en-US","potentialAction":[{"@type":"ReadAction","target":["https:\/\/seatisfy.lt\/en\/purchase-rules\/"]}]},{"@type":"BreadcrumbList","@id":"https:\/\/seatisfy.lt\/en\/purchase-rules\/#breadcrumb","itemListElement":[{"@type":"ListItem","position":1,"name":"Home","item":"https:\/\/seatisfy.lt\/en\/home-2\/"},{"@type":"ListItem","position":2,"name":"Purchase rules"}]},{"@type":"WebSite","@id":"https:\/\/seatisfy.lt\/#website","url":"https:\/\/seatisfy.lt\/","name":"seatisfy","description":"Dienos piet\u0173 pristatymas \u012f biurus Klaip\u0117doje","publisher":{"@id":"https:\/\/seatisfy.lt\/#organization"},"potentialAction":[{"@type":"SearchAction","target":{"@type":"EntryPoint","urlTemplate":"https:\/\/seatisfy.lt\/?s={search_term_string}"},"query-input":{"@type":"PropertyValueSpecification","valueRequired":true,"valueName":"search_term_string"}}],"inLanguage":"en-US"},{"@type":"Organization","@id":"https:\/\/seatisfy.lt\/#organization","name":"seatisfy","url":"https:\/\/seatisfy.lt\/","logo":{"@type":"ImageObject","inLanguage":"en-US","@id":"https:\/\/seatisfy.lt\/#\/schema\/logo\/image\/","url":"https:\/\/seatisfy.lt\/wp-content\/uploads\/2023\/06\/2.png","contentUrl":"https:\/\/seatisfy.lt\/wp-content\/uploads\/2023\/06\/2.png","width":500,"height":500,"caption":"seatisfy"},"image":{"@id":"https:\/\/seatisfy.lt\/#\/schema\/logo\/image\/"},"sameAs":["https:\/\/www.facebook.com\/seatisfy.lt"]}]}},"_links":{"self":[{"href":"https:\/\/seatisfy.lt\/en\/wp-json\/wp\/v2\/pages\/1455","targetHints":{"allow":["GET"]}}],"collection":[{"href":"https:\/\/seatisfy.lt\/en\/wp-json\/wp\/v2\/pages"}],"about":[{"href":"https:\/\/seatisfy.lt\/en\/wp-json\/wp\/v2\/types\/page"}],"author":[{"embeddable":true,"href":"https:\/\/seatisfy.lt\/en\/wp-json\/wp\/v2\/users\/1"}],"replies":[{"embeddable":true,"href":"https:\/\/seatisfy.lt\/en\/wp-json\/wp\/v2\/comments?post=1455"}],"version-history":[{"count":1,"href":"https:\/\/seatisfy.lt\/en\/wp-json\/wp\/v2\/pages\/1455\/revisions"}],"predecessor-version":[{"id":3111,"href":"https:\/\/seatisfy.lt\/en\/wp-json\/wp\/v2\/pages\/1455\/revisions\/3111"}],"wp:attachment":[{"href":"https:\/\/seatisfy.lt\/en\/wp-json\/wp\/v2\/media?parent=1455"}],"curies":[{"name":"wp","href":"https:\/\/api.w.org\/{rel}","templated":true}]}}