{"id":1428,"date":"2023-01-24T17:24:06","date_gmt":"2023-01-24T15:24:06","guid":{"rendered":"https:\/\/shop.jogunde.eu\/home\/"},"modified":"2025-05-26T22:50:36","modified_gmt":"2025-05-26T20:50:36","slug":"home-2","status":"publish","type":"page","link":"https:\/\/seatisfy.lt\/en\/","title":{"rendered":"Daily lunch for companies"},"content":{"rendered":"<h2>Daily lunches for companies in Klaip\u0117da &#8211; easy ordering with the Seatisfy app!<\/h2>\n<h4>Looking for a reliable and fast way to order a daily lunch to your company or workplace in Klaip\u0117da?<\/h4>\n<p>The sEATisfy app is just what you need! Download the free sEATisfy app from the App Store or Google Play and enjoy a delicious lunch at your workplace. <\/p>\n<h4>Why choose Seatisfy&#8217;s daily lunches for companies in Klaipeda?<\/h4>\n<ul>\n<li><strong>Wide choice of menus.<\/strong>  Our menu offers a variety of dishes, so there&#8217;s something for every employee. From light to hearty hot dishes, everything is at your convenience! <\/li>\n<li><strong>Fast and reliable delivery.<\/strong>  We make sure your orders are delivered on time and fresh. Our couriers will make sure your lunch gets to you without any hassle. <\/li>\n<li><strong>Easy booking process.<\/strong>  With the Seatisfy app, you can order lunch quickly and easily with just a few clicks. Simply download the app, select your meals and wait for them to be delivered. <\/li>\n<li><strong>Individual orders.<\/strong>  Whether you&#8217;re ordering lunch for the whole team or just for yourself, our app makes it easy to place individual orders according to each employee&#8217;s preferences.<\/li>\n<li><strong>Special offers and discounts.<\/strong>  Take advantage of our special offers and discounts for businesses. Save money and enjoy quality food at affordable prices. <\/li>\n<\/ul>\n<h4>How do I order a daily lunch with the sEATisfy app?<\/h4>\n<p><strong>1. Download the free app.<\/strong>  sEATisfy is available on the App Store and Google Play.<br \/>\n<strong>2. Register and log in.<\/strong>  Create your account or log in if you already have one.<br \/>\n<strong>3. Choose your dishes.<\/strong>  Take a look at our daily lunch menu and choose your favourite dishes.<br \/>\n<strong>4. Place your order.<\/strong>  Fill in the order form and choose your delivery time.<br \/>\n<strong>5. Enjoy your lunch.<\/strong>  Wait for your lunch delivery and enjoy delicious meals right at your workplace.<\/p>\n<p>Don&#8217;t miss the chance to enjoy a tasty and fresh daily lunch without the hassle! Download the sEATisfy app from the App Store or Google Play and order your daily lunch to your workplace in Klaip\u0117da today! <\/p>\n<p>&nbsp;<\/p>\n","protected":false},"excerpt":{"rendered":"<p>Daily lunches for companies in Klaip\u0117da &#8211; easy ordering with the Seatisfy app! Looking for a reliable and fast way to order a daily lunch to your company or workplace in Klaip\u0117da? The sEATisfy app is just what you need! Download the free sEATisfy app from the App Store or Google Play and enjoy a [&hellip;]<\/p>\n","protected":false},"author":1,"featured_media":0,"parent":0,"menu_order":0,"comment_status":"closed","ping_status":"closed","template":"home.php","meta":{"_acf_changed":false,"inline_featured_image":false,"footnotes":""},"class_list":["post-1428","page","type-page","status-publish","hentry"],"acf":[],"yoast_head":"<!-- This site is optimized with the Yoast SEO plugin v26.4 - https:\/\/yoast.com\/wordpress\/plugins\/seo\/ -->\n<title>Daily lunch for companies - seatisfy<\/title>\n<meta name=\"description\" content=\"Daily lunches for companies in Klaip\u0117da. Download the free Seatisfy app and conveniently order your daily lunch to your workplace!\" \/>\n<meta name=\"robots\" content=\"index, follow, max-snippet:-1, max-image-preview:large, max-video-preview:-1\" \/>\n<link rel=\"canonical\" href=\"https:\/\/seatisfy.lt\/en\/home-2\/\" \/>\n<meta property=\"og:locale\" content=\"en_US\" \/>\n<meta property=\"og:type\" content=\"article\" \/>\n<meta property=\"og:title\" content=\"Daily lunch delivery to work in Klaip\u0117da\" \/>\n<meta property=\"og:description\" content=\"Daily lunches for companies in Klaip\u0117da. Download the free Seatisfy app from the App Store or Google Play and conveniently order your daily lunch to your workplace!\" \/>\n<meta property=\"og:url\" content=\"https:\/\/seatisfy.lt\/en\/home-2\/\" \/>\n<meta property=\"og:site_name\" content=\"seatisfy\" \/>\n<meta property=\"article:publisher\" content=\"https:\/\/www.facebook.com\/seatisfy.lt\" \/>\n<meta property=\"article:modified_time\" content=\"2025-05-26T20:50:36+00:00\" \/>\n<meta property=\"og:image\" content=\"https:\/\/seatisfy.lt\/wp-content\/uploads\/2024\/05\/seatisfy.jpeg\" \/>\n\t<meta property=\"og:image:width\" content=\"1920\" \/>\n\t<meta property=\"og:image:height\" content=\"844\" \/>\n\t<meta property=\"og:image:type\" content=\"image\/jpeg\" \/>\n<meta name=\"twitter:card\" content=\"summary_large_image\" \/>\n<meta name=\"twitter:label1\" content=\"Est. reading time\" \/>\n\t<meta name=\"twitter:data1\" content=\"2 minutes\" \/>\n<script type=\"application\/ld+json\" class=\"yoast-schema-graph\">{\"@context\":\"https:\/\/schema.org\",\"@graph\":[{\"@type\":\"WebPage\",\"@id\":\"https:\/\/seatisfy.lt\/en\/home-2\/\",\"url\":\"https:\/\/seatisfy.lt\/en\/home-2\/\",\"name\":\"Daily lunch for companies - seatisfy\",\"isPartOf\":{\"@id\":\"https:\/\/seatisfy.lt\/#website\"},\"datePublished\":\"2023-01-24T15:24:06+00:00\",\"dateModified\":\"2025-05-26T20:50:36+00:00\",\"description\":\"Daily lunches for companies in Klaip\u0117da. Download the free Seatisfy app and conveniently order your daily lunch to your workplace!\",\"breadcrumb\":{\"@id\":\"https:\/\/seatisfy.lt\/en\/home-2\/#breadcrumb\"},\"inLanguage\":\"en-US\",\"potentialAction\":[{\"@type\":\"ReadAction\",\"target\":[\"https:\/\/seatisfy.lt\/en\/home-2\/\"]}]},{\"@type\":\"BreadcrumbList\",\"@id\":\"https:\/\/seatisfy.lt\/en\/home-2\/#breadcrumb\",\"itemListElement\":[{\"@type\":\"ListItem\",\"position\":1,\"name\":\"Home\",\"item\":\"https:\/\/seatisfy.lt\/en\/home-2\/\"},{\"@type\":\"ListItem\",\"position\":2,\"name\":\"Daily lunch for companies\"}]},{\"@type\":\"WebSite\",\"@id\":\"https:\/\/seatisfy.lt\/#website\",\"url\":\"https:\/\/seatisfy.lt\/\",\"name\":\"seatisfy\",\"description\":\"Dienos piet\u0173 pristatymas \u012f biurus Klaip\u0117doje\",\"publisher\":{\"@id\":\"https:\/\/seatisfy.lt\/#organization\"},\"potentialAction\":[{\"@type\":\"SearchAction\",\"target\":{\"@type\":\"EntryPoint\",\"urlTemplate\":\"https:\/\/seatisfy.lt\/?s={search_term_string}\"},\"query-input\":{\"@type\":\"PropertyValueSpecification\",\"valueRequired\":true,\"valueName\":\"search_term_string\"}}],\"inLanguage\":\"en-US\"},{\"@type\":\"Organization\",\"@id\":\"https:\/\/seatisfy.lt\/#organization\",\"name\":\"seatisfy\",\"url\":\"https:\/\/seatisfy.lt\/\",\"logo\":{\"@type\":\"ImageObject\",\"inLanguage\":\"en-US\",\"@id\":\"https:\/\/seatisfy.lt\/#\/schema\/logo\/image\/\",\"url\":\"https:\/\/seatisfy.lt\/wp-content\/uploads\/2023\/06\/2.png\",\"contentUrl\":\"https:\/\/seatisfy.lt\/wp-content\/uploads\/2023\/06\/2.png\",\"width\":500,\"height\":500,\"caption\":\"seatisfy\"},\"image\":{\"@id\":\"https:\/\/seatisfy.lt\/#\/schema\/logo\/image\/\"},\"sameAs\":[\"https:\/\/www.facebook.com\/seatisfy.lt\"]}]}<\/script>\n<!-- \/ Yoast SEO plugin. -->","yoast_head_json":{"title":"Daily lunch for companies - seatisfy","description":"Daily lunches for companies in Klaip\u0117da. Download the free Seatisfy app and conveniently order your daily lunch to your workplace!","robots":{"index":"index","follow":"follow","max-snippet":"max-snippet:-1","max-image-preview":"max-image-preview:large","max-video-preview":"max-video-preview:-1"},"canonical":"https:\/\/seatisfy.lt\/en\/home-2\/","og_locale":"en_US","og_type":"article","og_title":"Daily lunch delivery to work in Klaip\u0117da","og_description":"Daily lunches for companies in Klaip\u0117da. Download the free Seatisfy app from the App Store or Google Play and conveniently order your daily lunch to your workplace!","og_url":"https:\/\/seatisfy.lt\/en\/home-2\/","og_site_name":"seatisfy","article_publisher":"https:\/\/www.facebook.com\/seatisfy.lt","article_modified_time":"2025-05-26T20:50:36+00:00","og_image":[{"width":1920,"height":844,"url":"https:\/\/seatisfy.lt\/wp-content\/uploads\/2024\/05\/seatisfy.jpeg","type":"image\/jpeg"}],"twitter_card":"summary_large_image","twitter_misc":{"Est. reading time":"2 minutes"},"schema":{"@context":"https:\/\/schema.org","@graph":[{"@type":"WebPage","@id":"https:\/\/seatisfy.lt\/en\/home-2\/","url":"https:\/\/seatisfy.lt\/en\/home-2\/","name":"Daily lunch for companies - seatisfy","isPartOf":{"@id":"https:\/\/seatisfy.lt\/#website"},"datePublished":"2023-01-24T15:24:06+00:00","dateModified":"2025-05-26T20:50:36+00:00","description":"Daily lunches for companies in Klaip\u0117da. Download the free Seatisfy app and conveniently order your daily lunch to your workplace!","breadcrumb":{"@id":"https:\/\/seatisfy.lt\/en\/home-2\/#breadcrumb"},"inLanguage":"en-US","potentialAction":[{"@type":"ReadAction","target":["https:\/\/seatisfy.lt\/en\/home-2\/"]}]},{"@type":"BreadcrumbList","@id":"https:\/\/seatisfy.lt\/en\/home-2\/#breadcrumb","itemListElement":[{"@type":"ListItem","position":1,"name":"Home","item":"https:\/\/seatisfy.lt\/en\/home-2\/"},{"@type":"ListItem","position":2,"name":"Daily lunch for companies"}]},{"@type":"WebSite","@id":"https:\/\/seatisfy.lt\/#website","url":"https:\/\/seatisfy.lt\/","name":"seatisfy","description":"Dienos piet\u0173 pristatymas \u012f biurus Klaip\u0117doje","publisher":{"@id":"https:\/\/seatisfy.lt\/#organization"},"potentialAction":[{"@type":"SearchAction","target":{"@type":"EntryPoint","urlTemplate":"https:\/\/seatisfy.lt\/?s={search_term_string}"},"query-input":{"@type":"PropertyValueSpecification","valueRequired":true,"valueName":"search_term_string"}}],"inLanguage":"en-US"},{"@type":"Organization","@id":"https:\/\/seatisfy.lt\/#organization","name":"seatisfy","url":"https:\/\/seatisfy.lt\/","logo":{"@type":"ImageObject","inLanguage":"en-US","@id":"https:\/\/seatisfy.lt\/#\/schema\/logo\/image\/","url":"https:\/\/seatisfy.lt\/wp-content\/uploads\/2023\/06\/2.png","contentUrl":"https:\/\/seatisfy.lt\/wp-content\/uploads\/2023\/06\/2.png","width":500,"height":500,"caption":"seatisfy"},"image":{"@id":"https:\/\/seatisfy.lt\/#\/schema\/logo\/image\/"},"sameAs":["https:\/\/www.facebook.com\/seatisfy.lt"]}]}},"_links":{"self":[{"href":"https:\/\/seatisfy.lt\/en\/wp-json\/wp\/v2\/pages\/1428","targetHints":{"allow":["GET"]}}],"collection":[{"href":"https:\/\/seatisfy.lt\/en\/wp-json\/wp\/v2\/pages"}],"about":[{"href":"https:\/\/seatisfy.lt\/en\/wp-json\/wp\/v2\/types\/page"}],"author":[{"embeddable":true,"href":"https:\/\/seatisfy.lt\/en\/wp-json\/wp\/v2\/users\/1"}],"replies":[{"embeddable":true,"href":"https:\/\/seatisfy.lt\/en\/wp-json\/wp\/v2\/comments?post=1428"}],"version-history":[{"count":7,"href":"https:\/\/seatisfy.lt\/en\/wp-json\/wp\/v2\/pages\/1428\/revisions"}],"predecessor-version":[{"id":43020,"href":"https:\/\/seatisfy.lt\/en\/wp-json\/wp\/v2\/pages\/1428\/revisions\/43020"}],"wp:attachment":[{"href":"https:\/\/seatisfy.lt\/en\/wp-json\/wp\/v2\/media?parent=1428"}],"curies":[{"name":"wp","href":"https:\/\/api.w.org\/{rel}","templated":true}]}}